{"id":99,"date":"2017-11-25T22:23:36","date_gmt":"2017-11-25T21:23:36","guid":{"rendered":"http:\/\/www.lili-vogel.de\/wordpress\/?page_id=99"},"modified":"2024-04-16T14:01:03","modified_gmt":"2024-04-16T12:01:03","slug":"planaenderungen","status":"publish","type":"page","link":"http:\/\/www.lili-vogel.de\/wordpress\/extras\/planaenderungen\/","title":{"rendered":"Plan\u00e4nderungen"},"content":{"rendered":"<p>Vorsicht, Spoiler!<\/p>\n<p>Zwischen der ersten groben Skizze des Handlungsablaufs und dem Endergebnis ergeben sich bisweilen gravierende \u00c4nderungen. Manche Figuren, die im ersten Entwurf h\u00e4tten sterben sollen, d\u00fcrfen am Leben bleiben, und Hochzeiten, die nicht geplant waren, kommen doch zustande.<\/p>\n<p>Hier sind die heftigsten Plan\u00e4nderungen, die sich bisher ergeben haben.<\/p>\n<p>Aber Achtung:<\/p>\n<p>Wer sich nicht die Spannung nehmen lassen m\u00f6chte, sollte lieber nicht weiter lesen.<\/p>\n<p><strong>Der Kaiser von Huwelreich:<\/strong><\/p>\n<p>Im allerersten Entwurf h\u00e4tte die Geschichte in einer moderneren Welt spielen sollen. Fernanda h\u00e4tte eine \u201ecoole\u201c, lockere Prinzessin sein sollen, vorzugsweise schwarz gekleidet, die mit den drei wichtigsten Beratern des Kaisers in der Vergangenheit ein Verh\u00e4ltnis gehabt h\u00e4tte.<\/p>\n<p>Guntram von Friedenfels h\u00e4tte Fernanda nicht geheiratet.<\/p>\n<p>Eine Zeit lang spielte ich mit der Idee, einen Folgeband zu \u201eDer Kaiser von Huwelreich\u201c zu verfassen. In diesem Folgeband w\u00e4re Guntram erschossen worden von Aufst\u00e4ndischen, und es w\u00e4re zu einem gro\u00dfen Krieg gekommen und Huwelreich w\u00e4re zerfallen.<\/p>\n<p>Diese Idee ist verworfen und wird niemals realisiert werden. \u201eDer Kaiser von Huwelreich\u201c ist der letzte Teil der Kaiser-Saga.<\/p>\n","protected":false},"excerpt":{"rendered":"<p>Vorsicht, Spoiler! Zwischen der ersten groben Skizze des Handlungsablaufs und dem Endergebnis ergeben sich bisweilen gravierende \u00c4nderungen. Manche Figuren, die im ersten Entwurf h\u00e4tten sterben sollen, d\u00fcrfen am Leben bleiben, und Hochzeiten, die nicht geplant waren, kommen doch zustande. Hier sind die heftigsten Plan\u00e4nderungen, die sich bisher ergeben haben. Aber Achtung: Wer sich nicht die [&hellip;]<\/p>\n","protected":false},"author":1,"featured_media":0,"parent":22,"menu_order":0,"comment_status":"closed","ping_status":"closed","template":"","meta":[],"_links":{"self":[{"href":"http:\/\/www.lili-vogel.de\/wordpress\/wp-json\/wp\/v2\/pages\/99"}],"collection":[{"href":"http:\/\/www.lili-vogel.de\/wordpress\/wp-json\/wp\/v2\/pages"}],"about":[{"href":"http:\/\/www.lili-vogel.de\/wordpress\/wp-json\/wp\/v2\/types\/page"}],"author":[{"embeddable":true,"href":"http:\/\/www.lili-vogel.de\/wordpress\/wp-json\/wp\/v2\/users\/1"}],"replies":[{"embeddable":true,"href":"http:\/\/www.lili-vogel.de\/wordpress\/wp-json\/wp\/v2\/comments?post=99"}],"version-history":[{"count":1,"href":"http:\/\/www.lili-vogel.de\/wordpress\/wp-json\/wp\/v2\/pages\/99\/revisions"}],"predecessor-version":[{"id":100,"href":"http:\/\/www.lili-vogel.de\/wordpress\/wp-json\/wp\/v2\/pages\/99\/revisions\/100"}],"up":[{"embeddable":true,"href":"http:\/\/www.lili-vogel.de\/wordpress\/wp-json\/wp\/v2\/pages\/22"}],"wp:attachment":[{"href":"http:\/\/www.lili-vogel.de\/wordpress\/wp-json\/wp\/v2\/media?parent=99"}],"curies":[{"name":"wp","href":"https:\/\/api.w.org\/{rel}","templated":true}]}}