{"id":508,"date":"2019-01-09T19:02:23","date_gmt":"2019-01-09T18:02:23","guid":{"rendered":"http:\/\/www.lili-vogel.de\/wordpress\/?page_id=508"},"modified":"2024-04-16T13:57:39","modified_gmt":"2024-04-16T11:57:39","slug":"aktuelle-projekte","status":"publish","type":"page","link":"http:\/\/www.lili-vogel.de\/wordpress\/aktuelle-projekte\/","title":{"rendered":"Aktuelle Projekte"},"content":{"rendered":"<p>2021:<\/p>\n<p>Worms 4 (k\u00f6nnte aber fr\u00fchestens 2022 fertig werden)<\/p>\n<p>2020:<\/p>\n<p><del>Durchgestrichen<\/del> = Manuskript ist fertig<\/p>\n<ul>\n<li><del>Worms 3<\/del><\/li>\n<li><del>Worms 1,5<\/del><\/li>\n<li>Das Buch mit den verr\u00fcckten K\u00fcnstlern<\/li>\n<li><del>&#8222;Korea-M\u00e4rchen&#8220;<\/del><\/li>\n<li>Eventuell Erl\u00e4uterungsband zu den Worms-B\u00fcchern<\/li>\n<\/ul>\n<p>Falls ich Zeit finde:<\/p>\n<ul>\n<li>Meine Autobiographie<\/li>\n<li>Ein Buch mit 30 Erkenntnissen, die ich im Laufe meines Lebens gesammelt habe<\/li>\n<li>Das Buch mit den verr\u00fcckten K\u00fcnstlern<\/li>\n<li>Das Buch im Dschungel<\/li>\n<li>Das Buch \u00fcber die Frauen in Antrocuna<\/li>\n<li>General\u00fcberholung Kaiser von Huwelreich<\/li>\n<li>General\u00fcberholung Blauwittern<\/li>\n<li>General\u00fcberholung Dienstm\u00e4dchenbuch<\/li>\n<li>evtl. General\u00fcberholung Rose von Huwelreich<\/li>\n<li>Kaiser, Feind, Krieg neu hochladen<\/li>\n<li>Dietrich Nachwort \u00fcberarbeiten und neu hochladen<\/li>\n<li>Worms-B\u00fccher: General\u00fcberholung 1 und 2<\/li>\n<\/ul>\n<p>Projekte, die ich eines Tages noch gerne angehen w\u00fcrde:<\/p>\n<ul>\n<li>Die Stadt in Tr\u00fcmmern<\/li>\n<li>Das Buch mit dem K\u00f6nig von GR<\/li>\n<li>Ein Buch \u00fcber die Frau, die Kaiser Wolfhelm besiegt<\/li>\n<li>Ein Buch, in dem Leute in einem erfundenen Land die Monarchie wiederherstellen<\/li>\n<li>Das Buch mit dem Hochstapler, der sich als Kaiser ausgibt<\/li>\n<li>Ein Buch f\u00fcr Leute, die mit Narzissten leben m\u00fcssen<\/li>\n<li>Ein Buch \u00fcber Johann und Eisenbiss<\/li>\n<\/ul>\n<h2>Das war 2019:<\/h2>\n<p><span style=\"font-size: 1rem;\">Projekte f\u00fcr 2019<\/span><\/p>\n<p><span style=\"font-size: 1rem;\">In diesem Jahr soll alles noch besser, noch schneller und noch bunter werden: Mehr schreiben, krassere Geschichten schreiben, mehr Experimente wagen, unvergessliche Figuren erstellen, mehr bloggen, &#8230;<\/span><\/p>\n<p>F\u00fcr 2019 habe ich mir so viele Ziele gesetzt wie noch nie. Mal schauen, ob ich sie alle erreichen kann.<\/p>\n<p>Hier sind sie:<\/p>\n<h2>Projekte f\u00fcr 2019<\/h2>\n<p>Die fettgedruckten Projekte haben Priorit\u00e4t; die nicht fettgedruckten k\u00f6nnen bei Bedarf auch nach 2020 verschoben werden.<\/p>\n<p><del>Durchgestrichen<\/del> = Manuskript erstellt<\/p>\n<p>Hier die Kurzliste:<\/p>\n<ul>\n<li><strong>Projekt &#8222;Antrocuna und Frauenpower&#8220;<\/strong><\/li>\n<li><del><strong>Projekt &#8222;Niedergang eines Gro\u00dfreiches, w\u00e4hrend die Barbaren kommen&#8220;<\/strong><\/del><\/li>\n<li><del><strong>Projekt &#8222;Eingesperrte Prinzessin&#8220;<\/strong><\/del><\/li>\n<li><del><strong>Projekt &#8222;Ein Galgen f\u00fcr den Kaiser in Mexiko&#8220;<\/strong><\/del><\/li>\n<li><strong>Projekt &#8222;Geh doch nach Griechenland, K\u00f6nig!&#8220;<\/strong><\/li>\n<li><del><strong>Projekt &#8222;Die Giftprinzessin&#8220;<\/strong><\/del><\/li>\n<li><strong>Projekt &#8222;Lauter verr\u00fcckte K\u00fcnstler&#8220;<\/strong><\/li>\n<li><del>Projekt &#8222;Das leidende Dorf&#8220;<\/del><\/li>\n<li>Projekt &#8222;Die blinde K\u00f6nigin&#8220;<\/li>\n<li>Projekt &#8222;Bagrat, der Aufstand und die Meise&#8220;<\/li>\n<li>Projekt &#8222;Kaiser Innozenz und der Hochstapler&#8220;<\/li>\n<li><strong>Der K\u00f6nig von Burgund 3 (fast fertig)<\/strong><\/li>\n<li>Gratis-Buch zu &#8222;Der K\u00f6nig von Burgund&#8220;<\/li>\n<li>Gratis-Buch zu den Huwelreich-Romanen des 19. Jahrhunderts<\/li>\n<\/ul>\n<ul>\n<li><strong>Ein Roman, der in Antrocuna spielt. Es geht um Usurpation, Krieg, Freundschaft zwischen zwei Frauen, Feuer, das nicht von Wasser gel\u00f6scht werden kann, Zwangsheirat, die Weisheit alter Gro\u00dfm\u00fctter und den Aufstand unterdr\u00fcckter Reiche.<\/strong><br \/>\nDaf\u00fcr vorgesehene Zeit: 4 Wochen<br \/>\nB\u00fccher, die ich noch lesen muss: Diverse B\u00fccher \u00fcber afrikanische Geschichte<\/li>\n<li><strong>Ein Roman, der von &#8222;Untergang des Abendlandes&#8220; inspiriert ist. Eine niedergehende Gesellschaft! Ein m\u00e4chtiges Reich, das dahinwelkt, die Schaffenskraft seiner Gesellschaft ist ersch\u00f6pft, Arbeit und Sch\u00f6nheit werden verachtet, man preist nur noch das H\u00e4ssliche und den Genuss. Religion und Monarchie werden gest\u00fcrzt, in einem gro\u00dfen Gemetzel kommt die Herrscherfamilie und die Priesterkaste um, bis auf einen, der will seinen Thron zur\u00fcckerobern. Im Norden n\u00e4hert sich ein Kriegerk\u00f6nig mit seinen Horden &#8230; Ja, Rom l\u00e4sst gr\u00fc\u00dfen.<\/strong><br \/>\nDaf\u00fcr vorgesehene Zeit: 4 Wochen<br \/>\nB\u00fccher, die ich noch lesen muss: Untergang des Abendlandes (Ich habe immer nur darin herumgeschm\u00f6kert, und fand es schon sehr interessant. Den Anfang lasse ich allerdings weg, weil der Autor sich seitenlang \u00fcber die alten Griechen und <em>Zahlen<\/em> ausl\u00e4sst. Pi oder so &#8230;)<\/li>\n<li><strong>Ein Roman, der von den Merowingern inspiriert ist. Das d\u00fcsterste meiner B\u00fccher. Ein Geheimnis, das niemand wissen darf. Der Preis f\u00fcrs Wissen ist furchtbar. Zwei Zwillingsschwestern, die voneinander nichts wissen. Wer Narben tr\u00e4gt, erh\u00e4lt noch mehr, und wer vom Schicksal gezeichnet wurde, findet kein Mitleid. Mit diesem Buch sind die d\u00fcsteren Thematiken erledigt, versprochen.<\/strong><br \/>\nDaf\u00fcr vorgesehene Zeit: 9 Tage, mehr k\u00f6nnte ich nicht aushalten<br \/>\nB\u00fccher, die ich noch lesen muss: Einige B\u00fccher \u00fcber Merowinger, davon mehrere auf Franz\u00f6sisch<\/li>\n<li><strong>Ein Roman, der vom Schicksal des Maximilian von Mexiko inspiriert ist. Kaiser Franz Josephs j\u00fcngerem Bruder wurde die Krone Mexikos angetragen. Er fuhr hin\u00fcber, regierte ein paar Jahre, und wurde beim Aufstand des Benito Juarez gest\u00fcrzt. 1867 wurde er in Queretaro von einem Erschie\u00dfungspeloton hingerichtet. \u2013 In meinem Projekt wird aber einiges anders sein, und das Buch wird auch einen zweiten Teil nach sich ziehen. Wie in der Geschichte ist aber auch bei mir die Hauptfigur ein Bruder des \u00f6sterreichischen\/huwelreichischen Kaisers.<\/strong><br \/>\nDauer: 4 Wochen<br \/>\nNotwendige B\u00fccher zur Recherche: Div. B\u00fccher \u00fcber Geschichte Mexikos, allesamt auf Englisch oder Spanisch<\/li>\n<li><strong>Ein Roman, der von Ludwig I. von Bayern, Otto von Griechenland und der \u00fcbersteigerten Griechenlandbegeisterung des 19. Jahrhunderts inspiriert ist. Wir kehren zun\u00e4chst zur\u00fcck nach Blauwittern, alsbald gehen wir aber nach Sparthen, ins Land, das in der Antike einst bedeutend war. Mal schauen, ob dort alles so gro\u00dfartig ist, wie die Gelehrten Erobas behaupten &#8230; Das Buch wird humorvoll werden.<\/strong><br \/>\nDauer: 9 Tage (so gerne mag ich Blauwittern und Sparthen nun auch wieder nicht)<br \/>\nRecherche: Div. B\u00fccher \u00fcber Otto von Griechenland, eines \u00fcber Ludwig I., das ich aber schon einmal gelesen habe<\/li>\n<li><strong>Ein Roman \u00fcber eine Prinzessin, die liebend gerne Gift verwendet. Spielt in einem erfundenen Land irgendwo im Osten, das mit seinen Nachbarl\u00e4ndern wenig Kontakt pflegt. (Die Welt von Huwelreich ist schlie\u00dflich gro\u00df.) Hat auch \u00c4hnlichkeiten zu &#8222;Die Sch\u00f6ne und das Biest&#8220; und hat auch irgendwie \u00c4hnlichkeiten zu Br\u00fcnhild aus dem Nibelungenlied. (Ohne die Wormser, tut mir leid.) Ich bin schon sehr gespannt auf das Buch, allerdings wei\u00df ich \u00fcber die Handlung bisher weniger als bei den anderen Projekten. Die Ausgangslage ist aber echt toll. Wenn mir nichts anderes einf\u00e4llt, lasse ich irgendjemanden einen Staatsstreich durchf\u00fchren.<\/strong><br \/>\nDauer: 4 Wochen<br \/>\nB\u00fccher zur Recherche: Ich lasse meiner Fantasie freien Lauf.<\/li>\n<li>Ein Kurzroman \u00fcber lauter verr\u00fcckte K\u00fcnstler. Am Schluss sind alle tot, bis auf zwei.<br \/>\nDauer: 12 Tage, sonst werde ich selber auch noch verr\u00fcckt<\/li>\n<li>Ein Buch \u00fcber ein Dorf in der Grafschaft Zirs. (Das ist dort, wo lauter Verr\u00fcckte herrschen.) Die Dorfbev\u00f6lkerung wird aufgehetzt, sodass sich zwei Parteien bilden, die sich erst beargw\u00f6hnen, sp\u00e4ter hassen und dann bek\u00e4mpfen. Ernstes Buch. Nicht trauriges, aber ern\u00fcchterndes Ende. Mal schauen, ob das Buch realisiert wird, obwohl die Hauptfiguren keine Kaiser sind. \ud83d\ude41<br \/>\nDauer: 9 Tage<br \/>\nRecherche: Ein Buch \u00fcber Handwerker und Bauern und so.<\/li>\n<li>Ein Buch \u00fcber ein Land, das unl\u00e4ngst die Kolonialherrschaft Isolanias abgesch\u00fcttelt hat, in dem aber noch soziale Ungerechtigkeiten herrschen. Der Kampf der Unterdr\u00fcckten f\u00fcr gleiche Rechte und der verbissene Widerstand der privilegierten Oberschicht, die ihre Privilegien nicht aufgeben will, bis eine blinde K\u00f6nigin in den Kampf einschreitet &#8230;<br \/>\nDauer: Keine Ahnung<br \/>\nRecherche: Ein Buch \u00fcber Englands Weltreich. Am besten noch mehr, aber die meisten B\u00fccher zum Thema stehen dem Empire sehr positiv gegen\u00fcber. Ich h\u00e4tte gerne etwas Neutrales bis Kritisches.<\/li>\n<li>Ein Buch, das von Bagrat handelt. Ich habe schon eine vage Handlung im Kopf.<br \/>\nDauer: Keine Ahnung<br \/>\nRecherche: Div. B\u00fccher \u00fcber die Spanier in der Neuen Welt (auf Spanisch)<\/li>\n<li>Ein Buch \u00fcber Kaiser Innozenz. Das Hauptproblem der Handlung und das Ende stehen bereits fest.<br \/>\nDauer: Keine Ahnung<br \/>\nRecherche: Mal wieder ein paar Dutzend B\u00fccher \u00fcber die Kaiser des Hochmittelalters lesen<\/li>\n<li><strong>Der K\u00f6nig von Burgund Teil 3<\/strong><br \/>\nNa, Teil 3 eben! Zur Handlung: Intrigen, Intrigen, Intrigen! Der alte Herzog enth\u00fcllt das Geheimnis, das die Leser schon l\u00e4ngst wissen, Worms ist super, Gunther schmiedet R\u00e4nke, weil er zum ehrlichen Kampf zu feige ist, Hagen sch\u00fcrt Konflikte, Kriemhild wird auch wieder wichtig, neue Giftanschl\u00e4ge, Aufst\u00e4nde, K\u00e4mpfe, sogar ein bisschen Liebe. Ehrlich!<br \/>\nDauer: So lange mir es gef\u00e4llt<br \/>\nRecherche: Dies und das<\/li>\n<li>Ein Gratis-Band f\u00fcrs Worms-Buch<br \/>\nInfos zu historischen Hintergr\u00fcnden (Die historischen Burgunder, Gundobad und Avitus von Vienne, der Kampf der Merowingerk\u00f6niginnen und ihr kluger Schwager Guntram, Hunnen, die Zeit des Epos)<br \/>\nInfos zu den Epen (das mittelhochdeutsche Epos, die Edda, die Thidrekssaga, die Dietrichsepik, der Waltharius)<br \/>\nRezeptionsgeschichte (alles, was dazugeh\u00f6rt, und das ist eine Menge)<br \/>\nNat\u00fcrlich muss erw\u00e4hnt werden, dass G\u00f6tterd\u00e4mmerung meine Lieblingsoper ist, damit ich, wenn ich eines Tages ber\u00fchmt bin, eine Karte f\u00fcr die Festspiele geschenkt bekomme und zum gl\u00fccklichsten Menschen der Welt werde (Hinweis: Ich mag \u00fcbrigens konservative Inszenierungen, und meine Lieblingsoperns\u00e4nger m\u00fcssen mitsingen, bitte, bitte!)<br \/>\nEigene Erl\u00e4uterungen<br \/>\nWie Wilhelm I. und Bismarck zur preu\u00dfischen Version von Gunther und Hagen wurden<br \/>\nSpoiler f\u00fcr das Ende der Serie*<br \/>\nDauer: Nicht l\u00e4nger als 2 Wochen, Lektorat und Ver\u00f6ffentlichungsprozess miteingerechnet<\/li>\n<li>Ein Gratis-Band f\u00fcr die Huwelreich-Romane aus dem 19. Jahrhundert<br \/>\nMit historischen Hintergr\u00fcnden: Kapitel \u00fcber die wichtigen Pers\u00f6nlichkeiten des 19. Jahrhunderts, Kaiser, Kanzler, Komponisten, Hofleben, Diplomatie und viele Anekdoten. Sollte eigentlich ganz leicht zu schreiben sein \u2013 ich schalte das Mikrofon ein, und nehme auf, was ich den lieben langen Tag so von mir gebe. Am Abend ist das Buch fertig und muss nur noch von Dialekt ins Hochdeutsche \u00fcbersetzt werden.<br \/>\nDauer: Nicht l\u00e4nger als 2 Wochen, Lektorat und Ver\u00f6ffentlichungsprozess miteingerechnet<\/li>\n<li>Zwei kommerzielle B\u00fccher schreiben. Mit Liebe und so. Ach Gott.<\/li>\n<\/ul>\n<h2>Andere schreibrelevante Ziele f\u00fcr 2019<\/h2>\n<ul>\n<li>Insgesamt 500.000 W\u00f6rter schreiben<\/li>\n<li>Ein Organisationssystem f\u00fcr meine Notizen entwickeln.<br \/>\nBis jetzt hab ich da n\u00e4mlich nix im Griff: Ich schreibe meine Notizen auf kleine quadratische Zettelchen, die liegen dann entweder auf dem Schreibtisch, in Gesellschaft von einem Dutzend Stiften und einem Dutzend anderer quadratischer Zettelchen, oder ich lege meine Zettelchen in eine daf\u00fcr vorgesehene Box und vergesse die Zettelchen mitsamt Inhalt, weil ich nie in die Box hineinschaue. 2019 muss ich endlich ein formidables Ordnungssystem finden.<\/li>\n<li>Mindestens einmal w\u00f6chentlich bloggen. Themen sind egal, in der Hauptsache, sie haben etwas mit meinen B\u00fcchern, den historischen Hintergr\u00fcnden oder dem Schreiben allgemein zu tun.<\/li>\n<li>Einmal 5000 W\u00f6rter am Tag schreiben<\/li>\n<li>Einmal 10.000 W\u00f6rter am Tag schreiben (?)<\/li>\n<li>Ein ganzes Buch direkt am Computer schreiben, nicht auf Papier. Ich m\u00f6chte wissen, wie sehr sich mein Schreibstil dann von dem der handgeschriebenen B\u00fccher unterscheidet.<\/li>\n<li><del>&#8222;Wie man einen Kaiser erpresst&#8220; neu hochladen. (eBook und Druckausgabe, und ich hasse das Hochladen! Es macht mich immer so nerv\u00f6s.) Das Cover bleibt dasselbe.<\/del><\/li>\n<\/ul>\n<p>* Nein, nat\u00fcrlich nicht! \ud83d\ude09<\/p>\n","protected":false},"excerpt":{"rendered":"<p>2021: Worms 4 (k\u00f6nnte aber fr\u00fchestens 2022 fertig werden) 2020: Durchgestrichen = Manuskript ist fertig Worms 3 Worms 1,5 Das Buch mit den verr\u00fcckten K\u00fcnstlern &#8222;Korea-M\u00e4rchen&#8220; Eventuell Erl\u00e4uterungsband zu den Worms-B\u00fcchern Falls ich Zeit finde: Meine Autobiographie Ein Buch mit 30 Erkenntnissen, die ich im Laufe meines Lebens gesammelt habe Das Buch mit den verr\u00fcckten [&hellip;]<\/p>\n","protected":false},"author":1,"featured_media":456,"parent":0,"menu_order":0,"comment_status":"closed","ping_status":"closed","template":"","meta":[],"_links":{"self":[{"href":"http:\/\/www.lili-vogel.de\/wordpress\/wp-json\/wp\/v2\/pages\/508"}],"collection":[{"href":"http:\/\/www.lili-vogel.de\/wordpress\/wp-json\/wp\/v2\/pages"}],"about":[{"href":"http:\/\/www.lili-vogel.de\/wordpress\/wp-json\/wp\/v2\/types\/page"}],"author":[{"embeddable":true,"href":"http:\/\/www.lili-vogel.de\/wordpress\/wp-json\/wp\/v2\/users\/1"}],"replies":[{"embeddable":true,"href":"http:\/\/www.lili-vogel.de\/wordpress\/wp-json\/wp\/v2\/comments?post=508"}],"version-history":[{"count":14,"href":"http:\/\/www.lili-vogel.de\/wordpress\/wp-json\/wp\/v2\/pages\/508\/revisions"}],"predecessor-version":[{"id":1327,"href":"http:\/\/www.lili-vogel.de\/wordpress\/wp-json\/wp\/v2\/pages\/508\/revisions\/1327"}],"wp:featuredmedia":[{"embeddable":true,"href":"http:\/\/www.lili-vogel.de\/wordpress\/wp-json\/wp\/v2\/media\/456"}],"wp:attachment":[{"href":"http:\/\/www.lili-vogel.de\/wordpress\/wp-json\/wp\/v2\/media?parent=508"}],"curies":[{"name":"wp","href":"https:\/\/api.w.org\/{rel}","templated":true}]}}