{"id":32,"date":"2017-11-13T19:52:03","date_gmt":"2017-11-13T18:52:03","guid":{"rendered":"http:\/\/www.lili-vogel.de\/wordpress\/?page_id=32"},"modified":"2024-04-16T14:01:14","modified_gmt":"2024-04-16T12:01:14","slug":"laender","status":"publish","type":"page","link":"http:\/\/www.lili-vogel.de\/wordpress\/die-welt-von-lili-vogel\/laender\/","title":{"rendered":"L\u00e4nder"},"content":{"rendered":"<p>Hier werden die verschiedenen L\u00e4nder vorgestellt.<\/p>\n<h1><strong>Huwelreich<\/strong><\/h1>\n<p>Huwelreich erstreckt sich \u00fcber die Mitte und den S\u00fcdosten Erobas. Seine Nachbarn sind Aarenland und Dakadien.<\/p>\n<p>Huwelreich ist ein Vielv\u00f6lkerstaat.<\/p>\n<p>Durch gl\u00fcckliche Zuf\u00e4lle und wohlberechnete Intrigen hat die Dynastie Friedenfels verschiedenste Staaten geerbt.<br \/>\nDie Kriege, die Huwelreich beginnt, verliert es meistens.<br \/>\nDer Wahlspruch des Hauses Friedenfels ist deshalb: &#8222;Warum sollt&#8216; ich Armeen schicken, wenn ich die Tochter haben kann?&#8220;<\/p>\n<p>Doch das Zusammenleben so vieler V\u00f6lker mit so vielen unterschiedlichen Traditionen und Sprachen stellt die Dynastie Friedenfels stets vor neue Probleme.<\/p>\n<p>Die Hauptstadt von Huwelreich ist Gutensaat.<\/p>\n<h1><strong>\u00c9gallien<\/strong><\/h1>\n<p>\u00c9gallien, Land mit wechselvoller Geschichte! Einst ein K\u00f6nigreich, wurde \u00c9gallien im 18. Jahrhundert blutig zur Republik. Dann wurde es wieder Kaiserreich, wieder K\u00f6nigreich, Republik, Kaiserreich, Republik &#8230;<\/p>\n<p>Der bekannteste Sohn \u00c9galliens ist wohl Waterleon Malhiver I., der Mann, der jahrhundertealte Staaten st\u00fcrzte und die Neustrukturierung von Landkarten zu seinem Hobby machte.<\/p>\n<p>Staatsdiener in der Republik \u00c9gallien haben es nicht leicht. Jeden siebten Tag m\u00fcssen die Parlamentarier, Minister und Diplomaten auf die Hilfe ihrer Bediensteten verzichten und zus\u00e4tzlich deren Arbeiten \u00fcbernehmen. Das Reinigungspersonal, Kammerdiener, T\u00fcrsteher, selbst die K\u00f6che sind von ihrer Arbeit freigestellt. Auf diese Weise sollen die Staatsdiener w\u00f6chentlich daran erinnert werden, wo sie herkommen und f\u00fcr wen sie eigentlich in ihr Amt berufen worden sind: F\u00fcr die Bev\u00f6lkerung.<br \/>\n(B\u00f6se Zungen behaupten, die Reinigungsfachkr\u00e4fte halten die unangenehmsten Putzaufgaben stets f\u00fcr den Tag, an dem die Staatsdiener Dienst tun, zur\u00fcck, aber das ist vielleicht nur ein b\u00f6ses Ger\u00fccht &#8230;)<\/p>\n<h1><strong>Aarenland<\/strong><\/h1>\n<p>Der Name Aarenland ist inspiriert vom mittelhochdeutschen Wort Ar f\u00fcr &#8222;Adler&#8220;. Der Adler ist das Wappentier Aarenlands.<\/p>\n<p>Aarenland liegt in der Mitte des Kontinents Eroba. Es hat eine wechselvolle Geschichte erlebt. H\u00e4ufig war es Schauplatz von Kriegen.<\/p>\n<p>Aarenland ist in Dutzende Territorialherrschaften aufgeteilt. Kein anderer Staat Erobas weist so viele F\u00fcrstent\u00fcmer, Grafschaften, Herzogt\u00fcmer, Markgrafschaften, &#8230; auf wie Aarenland.<br \/>\nJahrhundertlang waren die F\u00fcrsten Aarenlands in Zank und Zwist verwickelt. Ausw\u00e4rtige Herrscher wussten diese Disposition zu internen Streitereien durchaus zu nutzen f\u00fcr ihre Zwecke.<\/p>\n<p>Im 19. Jahrhundert schlie\u00dfen sich die F\u00fcrsten Aarenlands zu einem Kaiserreich zusammen.<\/p>\n<p>Die Hauptstadt des vereinten Aarenland ist Donnerhall.<\/p>\n<h1>Serina<\/h1>\n<p>Das Herzogtum Serina liegt s\u00fcdlich von Huwelreich am Fu\u00dfe des gro\u00dfen Gebirges (der Monten). Die Serina ist der Friedhofsstaat von Eroba: Ihr Friedhof gilt als der sch\u00f6nste der Welt, und wegen eines Grabes wurde sie gegr\u00fcndet.<\/p>\n<p>Im Mittelalter starb Kaiser Innozenz bei der \u00dcberquerung der Monten. Vergebens hatte er versucht, seinen Thron wiederzuerlangen. Von der Welt und fast allen Freunden verlassen, fand sich niemand, der ihm eine letzte Heimstatt h\u00e4tte bieten wollen, wie es sich f\u00fcr einen Kaiser geziemte.<\/p>\n<p>Also begrub ihn sein Freund und treuester Vasall in einer kleinen Senke zwischen den Bergen. Unter ihm erstreckte sich das flache Land Geraniens, und \u00fcber ihm wachten die Gipfel. Ein Wasserfall st\u00fcrzte von den Bergen herab, die B\u00e4ume lispelten im Sommerwind. Sein Freund schwor, niemals von hier fortzugehen und ewig das Andenken seines Kaisers zu bewahren. Er baute ein pr\u00e4chtiges Mausoleum und rief sich zum Herzog aus.<\/p>\n<p>Reisende bewunderten die Sch\u00f6nheit des Friedhofs, und viele beschlossen, dass sie einst ebenfalls hier liegen wollten.<\/p>\n<p>Die Totengr\u00e4berei in der Serina florierte; Gasth\u00f6fe entstanden f\u00fcr die hungrigen Angeh\u00f6rigen, und schlie\u00dflich entwickelte sich eine Stadt, denn die Totengr\u00e4ber mussten auch irgendwo wohnen.<\/p>\n<h1>Blauwittern<\/h1>\n<p><img decoding=\"async\" loading=\"lazy\" class=\"size-medium wp-image-199 alignnone\" src=\"http:\/\/www.lili-vogel.de\/wordpress\/wp-content\/uploads\/2017\/12\/pablo-5-300x300.png\" alt=\"\" width=\"300\" height=\"300\" srcset=\"http:\/\/www.lili-vogel.de\/wordpress\/wp-content\/uploads\/2017\/12\/pablo-5-300x300.png 300w, http:\/\/www.lili-vogel.de\/wordpress\/wp-content\/uploads\/2017\/12\/pablo-5-150x150.png 150w, http:\/\/www.lili-vogel.de\/wordpress\/wp-content\/uploads\/2017\/12\/pablo-5-768x768.png 768w, http:\/\/www.lili-vogel.de\/wordpress\/wp-content\/uploads\/2017\/12\/pablo-5-624x624.png 624w, http:\/\/www.lili-vogel.de\/wordpress\/wp-content\/uploads\/2017\/12\/pablo-5.png 1024w\" sizes=\"(max-width: 300px) 100vw, 300px\" \/><\/p>\n<p>Das K\u00f6nigreich Blauwittern liegt zwischen Eiken und Huwelreich. Blauwitterns Herrscher gelten als bodenst\u00e4ndig und bescheiden. Sanfte H\u00fcgel, weite W\u00e4lder und stolze Berge beherbergt dieses kleine Land. B\u00f6se Zungen behaupten, Blauwittern habe ein eigenes Bierministerium, was jedoch von den Blauwitterern vehement abgestritten wird.<\/p>\n<p>Weitere L\u00e4nder folgen &#8230;<\/p>\n<p>Bild &#8222;L\u00e4nder von Eroba&#8220;: erstellt mit Canva.com<\/p>\n<p>&nbsp;<\/p>\n","protected":false},"excerpt":{"rendered":"<p>Hier werden die verschiedenen L\u00e4nder vorgestellt. Huwelreich Huwelreich erstreckt sich \u00fcber die Mitte und den S\u00fcdosten Erobas. Seine Nachbarn sind Aarenland und Dakadien. Huwelreich ist ein Vielv\u00f6lkerstaat. Durch gl\u00fcckliche Zuf\u00e4lle und wohlberechnete Intrigen hat die Dynastie Friedenfels verschiedenste Staaten geerbt. Die Kriege, die Huwelreich beginnt, verliert es meistens. Der Wahlspruch des Hauses Friedenfels ist deshalb: [&hellip;]<\/p>\n","protected":false},"author":1,"featured_media":318,"parent":20,"menu_order":0,"comment_status":"closed","ping_status":"closed","template":"","meta":[],"_links":{"self":[{"href":"http:\/\/www.lili-vogel.de\/wordpress\/wp-json\/wp\/v2\/pages\/32"}],"collection":[{"href":"http:\/\/www.lili-vogel.de\/wordpress\/wp-json\/wp\/v2\/pages"}],"about":[{"href":"http:\/\/www.lili-vogel.de\/wordpress\/wp-json\/wp\/v2\/types\/page"}],"author":[{"embeddable":true,"href":"http:\/\/www.lili-vogel.de\/wordpress\/wp-json\/wp\/v2\/users\/1"}],"replies":[{"embeddable":true,"href":"http:\/\/www.lili-vogel.de\/wordpress\/wp-json\/wp\/v2\/comments?post=32"}],"version-history":[{"count":16,"href":"http:\/\/www.lili-vogel.de\/wordpress\/wp-json\/wp\/v2\/pages\/32\/revisions"}],"predecessor-version":[{"id":1520,"href":"http:\/\/www.lili-vogel.de\/wordpress\/wp-json\/wp\/v2\/pages\/32\/revisions\/1520"}],"up":[{"embeddable":true,"href":"http:\/\/www.lili-vogel.de\/wordpress\/wp-json\/wp\/v2\/pages\/20"}],"wp:featuredmedia":[{"embeddable":true,"href":"http:\/\/www.lili-vogel.de\/wordpress\/wp-json\/wp\/v2\/media\/318"}],"wp:attachment":[{"href":"http:\/\/www.lili-vogel.de\/wordpress\/wp-json\/wp\/v2\/media?parent=32"}],"curies":[{"name":"wp","href":"https:\/\/api.w.org\/{rel}","templated":true}]}}