{"id":27,"date":"2017-11-13T19:16:14","date_gmt":"2017-11-13T18:16:14","guid":{"rendered":"http:\/\/www.lili-vogel.de\/wordpress\/?page_id=27"},"modified":"2021-01-18T20:35:50","modified_gmt":"2021-01-18T19:35:50","slug":"ueber-mich","status":"publish","type":"page","link":"http:\/\/www.lili-vogel.de\/wordpress\/ueber-mich\/","title":{"rendered":"\u00dcber mich"},"content":{"rendered":"\n<div class=\"is-layout-flow wp-block-group\"><div class=\"wp-block-group__inner-container\">\n<p>Hallo! Ich bin Lili Vogel.<\/p>\n\n\n\n<figure class=\"wp-block-image\"><img decoding=\"async\" loading=\"lazy\" width=\"225\" height=\"300\" src=\"http:\/\/www.lili-vogel.de\/wordpress\/wp-content\/uploads\/2020\/08\/Ich-mit-Sonne-225x300.jpg\" alt=\"\" class=\"wp-image-907\" srcset=\"http:\/\/www.lili-vogel.de\/wordpress\/wp-content\/uploads\/2020\/08\/Ich-mit-Sonne-225x300.jpg 225w, http:\/\/www.lili-vogel.de\/wordpress\/wp-content\/uploads\/2020\/08\/Ich-mit-Sonne-768x1024.jpg 768w, http:\/\/www.lili-vogel.de\/wordpress\/wp-content\/uploads\/2020\/08\/Ich-mit-Sonne-1152x1536.jpg 1152w, http:\/\/www.lili-vogel.de\/wordpress\/wp-content\/uploads\/2020\/08\/Ich-mit-Sonne-1536x2048.jpg 1536w, http:\/\/www.lili-vogel.de\/wordpress\/wp-content\/uploads\/2020\/08\/Ich-mit-Sonne-624x832.jpg 624w, http:\/\/www.lili-vogel.de\/wordpress\/wp-content\/uploads\/2020\/08\/Ich-mit-Sonne-scaled.jpg 1920w\" sizes=\"(max-width: 225px) 100vw, 225px\" \/><\/figure>\n\n\n\n<p>Ich liebe Geschichte, Wagneropern und Tiere.<br>Meine historischen Lieblingsthemen sind: Preu\u00dfen, Hohenzollern, Bismarck, Salier, Investiturstreit, \u00d6sterreich, Habsburger, Staufer, Burgunder, Merowinger.<\/p>\n\n\n\n<p>Ich besitze an die 1000 B\u00fccher. Die meisten sind Biographien oder die bekannten Standardwerke \u00fcber Dynastien und Politikgeschichte. Von Kaiser Wilhelm II. und Bismarck habe ich 49 bzw. 36 Biographien (Stand 2021).<\/p>\n\n\n\n<p>Bisher habe ich 13 Romane ver\u00f6ffentlicht, die mehr oder weniger von Geschichte oder Sagen inspiriert sind. Ihr findet sie hier: <a href=\"http:\/\/www.lili-vogel.de\/wordpress\/romane\/\">Romane<\/a><\/p>\n\n\n\n<p><a href=\"http:\/\/www.lili-vogel.de\/wordpress\/ueber-mich\/referenzen\/\">Referenzen<\/a><\/p>\n\n\n\n<figure class=\"wp-block-image\"><img decoding=\"async\" loading=\"lazy\" width=\"225\" height=\"300\" src=\"http:\/\/www.lili-vogel.de\/wordpress\/wp-content\/uploads\/2019\/09\/IMG_20190717_132959-225x300.jpg\" alt=\"\" class=\"wp-image-636\" srcset=\"http:\/\/www.lili-vogel.de\/wordpress\/wp-content\/uploads\/2019\/09\/IMG_20190717_132959-225x300.jpg 225w, http:\/\/www.lili-vogel.de\/wordpress\/wp-content\/uploads\/2019\/09\/IMG_20190717_132959-768x1024.jpg 768w, http:\/\/www.lili-vogel.de\/wordpress\/wp-content\/uploads\/2019\/09\/IMG_20190717_132959-624x832.jpg 624w\" sizes=\"(max-width: 225px) 100vw, 225px\" \/><\/figure>\n<\/div><\/div>\n","protected":false},"excerpt":{"rendered":"<p>Hallo! Ich bin Lili Vogel. Ich liebe Geschichte, Wagneropern und Tiere.Meine historischen Lieblingsthemen sind: Preu\u00dfen, Hohenzollern, Bismarck, Salier, Investiturstreit, \u00d6sterreich, Habsburger, Staufer, Burgunder, Merowinger. Ich besitze an die 1000 B\u00fccher. Die meisten sind Biographien oder die bekannten Standardwerke \u00fcber Dynastien und Politikgeschichte. Von Kaiser Wilhelm II. und Bismarck habe ich 49 bzw. 36 Biographien (Stand [&hellip;]<\/p>\n","protected":false},"author":1,"featured_media":0,"parent":0,"menu_order":0,"comment_status":"closed","ping_status":"closed","template":"","meta":[],"_links":{"self":[{"href":"http:\/\/www.lili-vogel.de\/wordpress\/wp-json\/wp\/v2\/pages\/27"}],"collection":[{"href":"http:\/\/www.lili-vogel.de\/wordpress\/wp-json\/wp\/v2\/pages"}],"about":[{"href":"http:\/\/www.lili-vogel.de\/wordpress\/wp-json\/wp\/v2\/types\/page"}],"author":[{"embeddable":true,"href":"http:\/\/www.lili-vogel.de\/wordpress\/wp-json\/wp\/v2\/users\/1"}],"replies":[{"embeddable":true,"href":"http:\/\/www.lili-vogel.de\/wordpress\/wp-json\/wp\/v2\/comments?post=27"}],"version-history":[{"count":32,"href":"http:\/\/www.lili-vogel.de\/wordpress\/wp-json\/wp\/v2\/pages\/27\/revisions"}],"predecessor-version":[{"id":1408,"href":"http:\/\/www.lili-vogel.de\/wordpress\/wp-json\/wp\/v2\/pages\/27\/revisions\/1408"}],"wp:attachment":[{"href":"http:\/\/www.lili-vogel.de\/wordpress\/wp-json\/wp\/v2\/media?parent=27"}],"curies":[{"name":"wp","href":"https:\/\/api.w.org\/{rel}","templated":true}]}}