{"id":22,"date":"2017-11-13T21:01:47","date_gmt":"2017-11-13T20:01:47","guid":{"rendered":"http:\/\/www.lili-vogel.de\/wordpress\/?page_id=22"},"modified":"2020-10-27T16:06:27","modified_gmt":"2020-10-27T15:06:27","slug":"extras","status":"publish","type":"page","link":"http:\/\/www.lili-vogel.de\/wordpress\/extras\/","title":{"rendered":"Extras"},"content":{"rendered":"<p>Zusatzinfos, Kuriosit\u00e4ten, Anekdoten und die eine oder andere Bonus-Geschichte &#8230; das gibt&#8217;s alles hier!<\/p>\n\n\n<p><a href=\"http:\/\/www.lili-vogel.de\/wordpress\/waeren-die-romane-von-lili-vogel-etwas-fuer-dich\/\">Quiz: W\u00e4ren die Romane von Lili Vogel etwas f\u00fcr dich?<\/a><\/p>\n\n\n\n<p><\/p>\n","protected":false},"excerpt":{"rendered":"<p>Zusatzinfos, Kuriosit\u00e4ten, Anekdoten und die eine oder andere Bonus-Geschichte &#8230; das gibt&#8217;s alles hier! Quiz: W\u00e4ren die Romane von Lili Vogel etwas f\u00fcr dich?<\/p>\n","protected":false},"author":1,"featured_media":0,"parent":0,"menu_order":0,"comment_status":"closed","ping_status":"closed","template":"","meta":[],"_links":{"self":[{"href":"http:\/\/www.lili-vogel.de\/wordpress\/wp-json\/wp\/v2\/pages\/22"}],"collection":[{"href":"http:\/\/www.lili-vogel.de\/wordpress\/wp-json\/wp\/v2\/pages"}],"about":[{"href":"http:\/\/www.lili-vogel.de\/wordpress\/wp-json\/wp\/v2\/types\/page"}],"author":[{"embeddable":true,"href":"http:\/\/www.lili-vogel.de\/wordpress\/wp-json\/wp\/v2\/users\/1"}],"replies":[{"embeddable":true,"href":"http:\/\/www.lili-vogel.de\/wordpress\/wp-json\/wp\/v2\/comments?post=22"}],"version-history":[{"count":3,"href":"http:\/\/www.lili-vogel.de\/wordpress\/wp-json\/wp\/v2\/pages\/22\/revisions"}],"predecessor-version":[{"id":1062,"href":"http:\/\/www.lili-vogel.de\/wordpress\/wp-json\/wp\/v2\/pages\/22\/revisions\/1062"}],"wp:attachment":[{"href":"http:\/\/www.lili-vogel.de\/wordpress\/wp-json\/wp\/v2\/media?parent=22"}],"curies":[{"name":"wp","href":"https:\/\/api.w.org\/{rel}","templated":true}]}}