{"id":13,"date":"2017-11-25T21:51:35","date_gmt":"2017-11-25T20:51:35","guid":{"rendered":"http:\/\/www.lili-vogel.de\/wordpress\/?page_id=13"},"modified":"2024-04-16T13:58:46","modified_gmt":"2024-04-16T11:58:46","slug":"romane","status":"publish","type":"page","link":"http:\/\/www.lili-vogel.de\/wordpress\/romane\/","title":{"rendered":"Romane"},"content":{"rendered":"\n<h1>Die Burgund-Saga:<\/h1>\n\n\n\n<h1>Der K\u00f6nig von Burgund und die Geisel<\/h1>\n\n\n\n<figure class=\"wp-block-image\"><img decoding=\"async\" loading=\"lazy\" width=\"225\" height=\"300\" src=\"http:\/\/www.lili-vogel.de\/wordpress\/wp-content\/uploads\/2018\/09\/Burgund-72dpi-1500x2000-3-225x300.jpg\" alt=\"\" class=\"wp-image-427\" srcset=\"http:\/\/www.lili-vogel.de\/wordpress\/wp-content\/uploads\/2018\/09\/Burgund-72dpi-1500x2000-3-225x300.jpg 225w, http:\/\/www.lili-vogel.de\/wordpress\/wp-content\/uploads\/2018\/09\/Burgund-72dpi-1500x2000-3-768x1024.jpg 768w, http:\/\/www.lili-vogel.de\/wordpress\/wp-content\/uploads\/2018\/09\/Burgund-72dpi-1500x2000-3-624x832.jpg 624w, http:\/\/www.lili-vogel.de\/wordpress\/wp-content\/uploads\/2018\/09\/Burgund-72dpi-1500x2000-3.jpg 1500w\" sizes=\"(max-width: 225px) 100vw, 225px\" \/><\/figure>\n\n\n\n<p>Jeder kennt die Abenteuer von Siegfried dem Drachent\u00f6ter \u2013 hier ist die Vorgeschichte seiner Feinde &#8230;<br>Die K\u00f6nigreiche Europas zittern vor Etzel, dem grausamen Hunnenk\u00f6nig. Damit Burgund von seinen Reiterhorden verschont wird, muss K\u00f6nig Gibich dem Hunnenherrscher eine Geisel stellen: Hagen von Tronje, den Sohn seines wichtigsten Beraters. Hagen schafft sich viele Feinde am Hunnenhof, doch Etzel beschlie\u00dft, aus ihm den besten aller Krieger zu machen.<br>K\u00f6nig Gibichs Sohn Gunther wird den Thron erben. Aber ist er wirklich geeignet, ein Reich zu f\u00fchren? Gibich hegt seine Zweifel daran \u2013 da bricht ein Krieg aus zwischen Sachsen und Burgund &#8230;<br>Ein m\u00e4chtiges Historienepos, das all die Abenteuer erz\u00e4hlt, die uns die alten Sagen bisher verschwiegen haben!<\/p>\n\n\n\n<p>Dies ist der erste Band einer Reihe \u00fcber die Burgunden aus dem Nibelungenlied.<br>Der Roman ist keine Nacherz\u00e4hlung, sondern erweitert den bestehenden Sagenkosmos um neue Figuren und Geschichten.<\/p>\n\n\n\n<p><\/p>\n\n\n\n<p><a href=\"https:\/\/www.amazon.de\/dp\/B07L2CLNLC\" target=\"_blank\" rel=\"noopener noreferrer\">Der K\u00f6nig von Burgund und die Geisel auf Amazon ansehen<\/a><\/p>\n\n\n\n<h1>Der K\u00f6nig von Burgund und der Krieger<\/h1>\n\n\n\n<figure class=\"wp-block-image\"><img decoding=\"async\" loading=\"lazy\" width=\"225\" height=\"300\" src=\"http:\/\/www.lili-vogel.de\/wordpress\/wp-content\/uploads\/2019\/02\/Burgund-Krieger-72dpi-1500x2000-2-225x300.jpg\" alt=\"\" class=\"wp-image-534\" srcset=\"http:\/\/www.lili-vogel.de\/wordpress\/wp-content\/uploads\/2019\/02\/Burgund-Krieger-72dpi-1500x2000-2-225x300.jpg 225w, http:\/\/www.lili-vogel.de\/wordpress\/wp-content\/uploads\/2019\/02\/Burgund-Krieger-72dpi-1500x2000-2-768x1024.jpg 768w, http:\/\/www.lili-vogel.de\/wordpress\/wp-content\/uploads\/2019\/02\/Burgund-Krieger-72dpi-1500x2000-2-624x832.jpg 624w, http:\/\/www.lili-vogel.de\/wordpress\/wp-content\/uploads\/2019\/02\/Burgund-Krieger-72dpi-1500x2000-2.jpg 1500w\" sizes=\"(max-width: 225px) 100vw, 225px\" \/><\/figure>\n\n\n\n<p>Hagen von Tronje, Geisel am Hof des Hunnenk\u00f6nigs, ist zu einem hervorragenden Krieger geworden, vor dem selbst die k\u00fchnsten M\u00e4nner zittern. Doch seine Treue geh\u00f6rt nur einem: dem K\u00f6nig von Burgund. F\u00fcr seine Treue wird er bezahlen.<\/p>\n\n\n\n<p>Gunther kommt aus der Gefangenschaft der Sachsen frei. Dann erf\u00e4hrt er, dass der burgundische Tribut nicht ausreicht \u2013 das bedeutet, dass Burgunds Geisel sterben muss. Gunther will Hagen um jeden Preis retten und macht sich an die Verfolgung der s\u00e4chsischen Gesandten, um deren Tribut an sich zu bringen. Wird es ihm gelingen?<\/p>\n\n\n\n<p>Reiterkrieger und Belagerungen, Intrigen und Verrat \u2013 ein farbenpr\u00e4chtiges Gem\u00e4lde des Mittelalters!<\/p>\n\n\n\n<p>Dies ist der ZWEITE BAND einer vierteiligen Saga.<\/p>\n\n\n\n<p><a href=\"https:\/\/www.amazon.de\/K\u00f6nig-von-Burgund-Krieger-Saga-ebook\/dp\/B07NGSXQR3\">Der K\u00f6nig von Burgund und der Krieger auf<\/a><a href=\"https:\/\/www.amazon.de\/K\u00f6nig-von-Burgund-Krieger-Saga-ebook\/dp\/B07NGSXQR3\" target=\"_blank\" rel=\"noreferrer noopener\" aria-label=\"  (\u00f6ffnet in neuem Tab)\"> <\/a><a href=\"https:\/\/www.amazon.de\/K\u00f6nig-von-Burgund-Krieger-Saga-ebook\/dp\/B07NGSXQR3\">Amazon ansehen<\/a><\/p>\n\n\n\n<h1>Der K\u00f6nig von Burgund und der Herzog<\/h1>\n\n\n\n<figure class=\"wp-block-image size-medium\"><img decoding=\"async\" loading=\"lazy\" width=\"225\" height=\"300\" src=\"http:\/\/www.lili-vogel.de\/wordpress\/wp-content\/uploads\/2020\/10\/Burgund-Herzog-72dpi-1500x2000-1-225x300.jpg\" alt=\"\" class=\"wp-image-1042\" srcset=\"http:\/\/www.lili-vogel.de\/wordpress\/wp-content\/uploads\/2020\/10\/Burgund-Herzog-72dpi-1500x2000-1-225x300.jpg 225w, http:\/\/www.lili-vogel.de\/wordpress\/wp-content\/uploads\/2020\/10\/Burgund-Herzog-72dpi-1500x2000-1-768x1024.jpg 768w, http:\/\/www.lili-vogel.de\/wordpress\/wp-content\/uploads\/2020\/10\/Burgund-Herzog-72dpi-1500x2000-1-1152x1536.jpg 1152w, http:\/\/www.lili-vogel.de\/wordpress\/wp-content\/uploads\/2020\/10\/Burgund-Herzog-72dpi-1500x2000-1-624x832.jpg 624w, http:\/\/www.lili-vogel.de\/wordpress\/wp-content\/uploads\/2020\/10\/Burgund-Herzog-72dpi-1500x2000-1.jpg 1500w\" sizes=\"(max-width: 225px) 100vw, 225px\" \/><\/figure>\n\n\n\n<p>Nach vielen Jahren als Geisel ist Hagen wieder zur\u00fcck am Wormser K\u00f6nigshof. Dort schlagen ihm Neid und Argwohn entgegen, und sein eigener Vater setzt alles daran, ihn von Macht und Einfluss fernzuhalten.<\/p>\n\n\n\n<p>K\u00f6nig Gunther ist v\u00f6llig anders, als Hagen sich vorgestellt hat; doch Hagens Treue geh\u00f6rt ihm ganz. Zahlreiche Feinde planen, die Jugend und Unerfahrenheit des burgundischen K\u00f6nigs auszunutzen. Gunther und Hagen m\u00fcssen in Schlachten f\u00fcr das Reich k\u00e4mpfen, und sie schrecken auch vor Intrigen nicht zur\u00fcck \u2026<\/p>\n\n\n\n<p>Dies ist der DRITTE Band einer vierteiligen Reihe.<\/p>\n\n\n\n<p><a href=\"https:\/\/www.amazon.de\/dp\/B08LQJKY5J\">Der K\u00f6nig von Burgund und der Herzog auf Amazon <\/a><a href=\"https:\/\/www.amazon.de\/dp\/B08LQJKY5J\" target=\"_blank\" rel=\"noreferrer noopener\" aria-label=\"anschauen (\u00f6ffnet in neuem Tab)\">anschauen<\/a><\/p>\n\n\n\n<h2>Liebling des Unheils:<br>Ein Begleitroman zur K\u00f6nig-von-Burgund-Saga<\/h2>\n\n\n\n<figure class=\"wp-block-image size-medium\"><img decoding=\"async\" loading=\"lazy\" width=\"188\" height=\"300\" src=\"http:\/\/www.lili-vogel.de\/wordpress\/wp-content\/uploads\/2020\/10\/Liebling-des-Unheils-188x300.jpg\" alt=\"\" class=\"wp-image-1020\" srcset=\"http:\/\/www.lili-vogel.de\/wordpress\/wp-content\/uploads\/2020\/10\/Liebling-des-Unheils-188x300.jpg 188w, http:\/\/www.lili-vogel.de\/wordpress\/wp-content\/uploads\/2020\/10\/Liebling-des-Unheils-642x1024.jpg 642w, http:\/\/www.lili-vogel.de\/wordpress\/wp-content\/uploads\/2020\/10\/Liebling-des-Unheils-768x1226.jpg 768w, http:\/\/www.lili-vogel.de\/wordpress\/wp-content\/uploads\/2020\/10\/Liebling-des-Unheils-963x1536.jpg 963w, http:\/\/www.lili-vogel.de\/wordpress\/wp-content\/uploads\/2020\/10\/Liebling-des-Unheils-1283x2048.jpg 1283w, http:\/\/www.lili-vogel.de\/wordpress\/wp-content\/uploads\/2020\/10\/Liebling-des-Unheils-624x996.jpg 624w, http:\/\/www.lili-vogel.de\/wordpress\/wp-content\/uploads\/2020\/10\/Liebling-des-Unheils.jpg 1410w\" sizes=\"(max-width: 188px) 100vw, 188px\" \/><\/figure>\n\n\n\n<p>Hagen von Tronje lebt als Geisel bei den Hunnen und hat sich f\u00fcr K\u00f6nig Etzel schon in vielen Schlachten bew\u00e4hrt \u2013 k\u00fchner als jeder andere. Deshalb betraut der Hunnenk\u00f6nig nur ihn mit den gef\u00e4hrlichsten Auftr\u00e4gen. Als Etzel ihn losschickt, um eine Braut heimzubringen und seinen verschollenen Bruder zu suchen, sieht sich Hagen pl\u00f6tzlich m\u00e4chtigen Feinden gegen\u00fcber und muss um sein Leben k\u00e4mpfen.<\/p>\n\n\n\n<p>Dies ist ein Begleitroman zur K\u00f6nig-von-Burgund-Reihe, der zeitlich zwischen Band 1 und Band 2 spielt. Er schildert zus\u00e4tzliche Abenteuer; man kann also auch auf ihn verzichten und direkt mit Band 2 fortfahren.<\/p>\n\n\n\n<p>Die Vorkenntnis von Band 1 ist erforderlich!<\/p>\n\n\n\n<p><a href=\"https:\/\/www.amazon.de\/dp\/B08KHSX1VF\" target=\"_blank\" rel=\"noreferrer noopener\" aria-label=\"Liebling des Unheils auf Amazon ansehen (\u00f6ffnet in neuem Tab)\">Liebling des Unheils auf Amazon ansehen<\/a><\/p>\n\n\n\n<h1>Dietrich von Bern: K\u00f6nig ohne Reich und Krone<\/h1>\n\n\n\n<figure class=\"wp-block-image\"><img decoding=\"async\" loading=\"lazy\" width=\"188\" height=\"300\" src=\"http:\/\/www.lili-vogel.de\/wordpress\/wp-content\/uploads\/2018\/05\/Dietrich-von-Bern_ebook-188x300.jpg\" alt=\"\" class=\"wp-image-303\" srcset=\"http:\/\/www.lili-vogel.de\/wordpress\/wp-content\/uploads\/2018\/05\/Dietrich-von-Bern_ebook-188x300.jpg 188w, http:\/\/www.lili-vogel.de\/wordpress\/wp-content\/uploads\/2018\/05\/Dietrich-von-Bern_ebook-768x1228.jpg 768w, http:\/\/www.lili-vogel.de\/wordpress\/wp-content\/uploads\/2018\/05\/Dietrich-von-Bern_ebook-640x1024.jpg 640w, http:\/\/www.lili-vogel.de\/wordpress\/wp-content\/uploads\/2018\/05\/Dietrich-von-Bern_ebook-624x998.jpg 624w, http:\/\/www.lili-vogel.de\/wordpress\/wp-content\/uploads\/2018\/05\/Dietrich-von-Bern_ebook.jpg 1563w\" sizes=\"(max-width: 188px) 100vw, 188px\" \/><\/figure>\n\n\n\n<p>Dietrich von Bern, professioneller Held, bestreitet seinen Lebensunterhalt mit dem Retten von Jungfrauen und dem Bezwingen von Schurken. Eines Tages bittet ihn kein Geringerer als Hagen von Tronje um Hilfe: Sein K\u00f6nig Gunther wurde entf\u00fchrt und muss befreit werden. Pl\u00f6tzlich sieht sich Dietrich in ein Wirrwarr aus Rache und Intrigen hineingezogen.<br>Blutr\u00fcnstige Prinzessinnen, kriegerische Zwerge, ein Galgen, ein S\u00e4nger und dramatische K\u00e4mpfe: Lili Vogels Roman entf\u00fchrt den Leser mit viel Humor in die Zeit der Sagen und Helden.<\/p>\n\n\n\n<p>Dieser Roman ist kein Teil der K\u00f6nig-von-Burgund-Saga der Autorin.<\/p>\n\n\n\n<p><a href=\"https:\/\/www.amazon.de\/dp\/B07D7Z2XQP\" target=\"_blank\" rel=\"noopener noreferrer\">Dietrich von Bern auf Amazon ansehen<\/a><\/p>\n\n\n\n<h1>Die Kaiser-Saga<\/h1>\n\n\n\n<p>Die B\u00fccher behandeln verschiedene L\u00e4nder und Dynastien in einer erfundenen Welt. Jeder Roman steht f\u00fcr sich alleine und kann unabh\u00e4ngig von den anderen gelesen werden.<\/p>\n\n\n\n<h1>Der Niedergang von Aeterna<\/h1>\n\n\n\n<figure class=\"wp-block-image size-medium\"><img decoding=\"async\" loading=\"lazy\" width=\"188\" height=\"300\" src=\"http:\/\/www.lili-vogel.de\/wordpress\/wp-content\/uploads\/2020\/09\/Aeterna-188x300.jpg\" alt=\"\" class=\"wp-image-1008\" srcset=\"http:\/\/www.lili-vogel.de\/wordpress\/wp-content\/uploads\/2020\/09\/Aeterna-188x300.jpg 188w, http:\/\/www.lili-vogel.de\/wordpress\/wp-content\/uploads\/2020\/09\/Aeterna-642x1024.jpg 642w, http:\/\/www.lili-vogel.de\/wordpress\/wp-content\/uploads\/2020\/09\/Aeterna-768x1226.jpg 768w, http:\/\/www.lili-vogel.de\/wordpress\/wp-content\/uploads\/2020\/09\/Aeterna-963x1536.jpg 963w, http:\/\/www.lili-vogel.de\/wordpress\/wp-content\/uploads\/2020\/09\/Aeterna-1283x2048.jpg 1283w, http:\/\/www.lili-vogel.de\/wordpress\/wp-content\/uploads\/2020\/09\/Aeterna-624x996.jpg 624w, http:\/\/www.lili-vogel.de\/wordpress\/wp-content\/uploads\/2020\/09\/Aeterna.jpg 1410w\" sizes=\"(max-width: 188px) 100vw, 188px\" \/><\/figure>\n\n\n\n<p>Eine niedergehende Gesellschaft! Ein m\u00e4chtiges Kaiserreich, das dahinwelkt. Die Schaffenskraft seiner Gesellschaft ist ersch\u00f6pft, Arbeit und Sch\u00f6nheit werden verachtet, man preist nur noch das H\u00e4ssliche und den Genuss.<br>Als die Herrscherdynastie gest\u00fcrzt wird, muss der Kaisersohn fliehen. Gemeinsam mit der Hohepriesterin, seiner berechnenden Schwester, will er seinen Thron zur\u00fcckerobern. Im Norden n\u00e4hert sich derweil ein Kriegerk\u00f6nig mit seinen Horden, bereit, das wankende Reich anzugreifen \u2026<\/p>\n\n\n\n<p>Ein Roman \u00fcber Zeiten des Wandels, wenn die Bewahrer mit den Erneuerern streiten. Gewohnt sprachgewaltig wirft Lili Vogel, die Autorin der bekannten Der-K\u00f6nig-von-Burgund-Saga, die Frage auf: Was sind Verfallserscheinungen, und was ist Weiterentwicklung? Entsteht aus der Befreiung von veralteten Ansichten zwangsl\u00e4ufig die Verachtung alles Altbew\u00e4hrten? Ist, was den einen wie Niedergang erscheint, in Wirklichkeit nur ein Transformationsprozess?<br><\/p>\n\n\n\n<p><a href=\"https:\/\/www.amazon.de\/dp\/B08JQF87Y2\" target=\"_blank\" rel=\"noreferrer noopener\" aria-label=\"Der Niedergang von Aeterna auf Amazon ansehen (\u00f6ffnet in neuem Tab)\">Der Niedergang von Aeterna auf Amazon ansehen<\/a><\/p>\n\n\n\n<h1>Kriegsfels<\/h1>\n\n\n\n<figure class=\"wp-block-image size-medium\"><img decoding=\"async\" loading=\"lazy\" width=\"188\" height=\"300\" src=\"http:\/\/www.lili-vogel.de\/wordpress\/wp-content\/uploads\/2020\/09\/Kriegsfels-188x300.jpg\" alt=\"\" class=\"wp-image-983\" srcset=\"http:\/\/www.lili-vogel.de\/wordpress\/wp-content\/uploads\/2020\/09\/Kriegsfels-188x300.jpg 188w, http:\/\/www.lili-vogel.de\/wordpress\/wp-content\/uploads\/2020\/09\/Kriegsfels-642x1024.jpg 642w, http:\/\/www.lili-vogel.de\/wordpress\/wp-content\/uploads\/2020\/09\/Kriegsfels-768x1226.jpg 768w, http:\/\/www.lili-vogel.de\/wordpress\/wp-content\/uploads\/2020\/09\/Kriegsfels-963x1536.jpg 963w, http:\/\/www.lili-vogel.de\/wordpress\/wp-content\/uploads\/2020\/09\/Kriegsfels-1283x2048.jpg 1283w, http:\/\/www.lili-vogel.de\/wordpress\/wp-content\/uploads\/2020\/09\/Kriegsfels-624x996.jpg 624w, http:\/\/www.lili-vogel.de\/wordpress\/wp-content\/uploads\/2020\/09\/Kriegsfels.jpg 1410w\" sizes=\"(max-width: 188px) 100vw, 188px\" \/><\/figure>\n\n\n\n<p>Diese Erz\u00e4hlung \u00fcber ein junges M\u00e4dchen, das mit seiner lange totgeglaubten Zwillingsschwester vor seinem tyrannischen Vater flieht und am Ende doch scheitert, ist eine Parabel auf narzisstische Gewalt, Kindheitstraumen und das Verschweigen fremder Schuld.<\/p>\n\n\n\n<p><a href=\"https:\/\/www.amazon.de\/dp\/B08HVSKXR3\">Kriegsfels auf Amazon <\/a><a href=\"https:\/\/www.amazon.de\/dp\/B08HVSKXR3\" target=\"_blank\" rel=\"noreferrer noopener\" aria-label=\"ansehen (\u00f6ffnet in neuem Tab)\">ansehen<\/a><\/p>\n\n\n\n<h1>Die Giftprinzessin<\/h1>\n\n\n\n<figure class=\"wp-block-image\"><img decoding=\"async\" loading=\"lazy\" width=\"225\" height=\"300\" src=\"http:\/\/www.lili-vogel.de\/wordpress\/wp-content\/uploads\/2019\/03\/Giftprinzessin-72dpi-1500x2000-225x300.jpg\" alt=\"\" class=\"wp-image-549\" srcset=\"http:\/\/www.lili-vogel.de\/wordpress\/wp-content\/uploads\/2019\/03\/Giftprinzessin-72dpi-1500x2000-225x300.jpg 225w, http:\/\/www.lili-vogel.de\/wordpress\/wp-content\/uploads\/2019\/03\/Giftprinzessin-72dpi-1500x2000-768x1024.jpg 768w, http:\/\/www.lili-vogel.de\/wordpress\/wp-content\/uploads\/2019\/03\/Giftprinzessin-72dpi-1500x2000-624x832.jpg 624w, http:\/\/www.lili-vogel.de\/wordpress\/wp-content\/uploads\/2019\/03\/Giftprinzessin-72dpi-1500x2000.jpg 1500w\" sizes=\"(max-width: 225px) 100vw, 225px\" \/><\/figure>\n\n\n\n<p>Prinzessin Huanghun, die sch\u00f6nste Frau der Welt, vergiftet jeden ihrer M\u00e4nner noch in der Hochzeitsnacht. Der junge Chen will Huanghuns Herz gewinnen und macht sich auf den Weg zu ihr. Am Hof von Huanghun erkennt er bald, dass sie ein d\u00fcsteres Geheimnis verbirgt. Sie ist mehr als nur eine eiskalte M\u00e4nnerm\u00f6rderin. Chen verliebt sich in sie \u2013 kann seine Liebe ihn retten?<\/p>\n\n\n\n<p>Der Roman spielt in einer erfundenen Welt, die der unseren \u00e4hnlich ist. Doch seid vorsichtig: Wer rosarote Romantik liebt, ist mit diesem Buch schlecht beraten.<\/p>\n\n\n\n<p>Lili Vogel \u2013 Romane fernab vom Mainstream.<\/p>\n\n\n\n<p><a href=\"https:\/\/www.amazon.de\/Die-Giftprinzessin-Lili-Vogel-ebook\/dp\/B07P9D2GJM\/\">Die Giftprinzessin auf Amazon <\/a><a href=\"https:\/\/www.amazon.de\/Die-Giftprinzessin-Lili-Vogel-ebook\/dp\/B07P9D2GJM\/\" target=\"_blank\" rel=\"noreferrer noopener\" aria-label=\"ansehen (\u00f6ffnet in neuem Tab)\">ansehen<\/a><\/p>\n\n\n\n<h1><strong>Die Rose von Huwelreich<\/strong><\/h1>\n\n\n\n<figure class=\"wp-block-image\"><img decoding=\"async\" loading=\"lazy\" width=\"187\" height=\"300\" src=\"http:\/\/www.lili-vogel.de\/wordpress\/wp-content\/uploads\/2017\/11\/Die-Rose-von-Huwelreich-by-Lily-Vogel-front-3a-187x300.jpg\" alt=\"\" class=\"wp-image-131\" srcset=\"http:\/\/www.lili-vogel.de\/wordpress\/wp-content\/uploads\/2017\/11\/Die-Rose-von-Huwelreich-by-Lily-Vogel-front-3a-187x300.jpg 187w, http:\/\/www.lili-vogel.de\/wordpress\/wp-content\/uploads\/2017\/11\/Die-Rose-von-Huwelreich-by-Lily-Vogel-front-3a-768x1234.jpg 768w, http:\/\/www.lili-vogel.de\/wordpress\/wp-content\/uploads\/2017\/11\/Die-Rose-von-Huwelreich-by-Lily-Vogel-front-3a-637x1024.jpg 637w, http:\/\/www.lili-vogel.de\/wordpress\/wp-content\/uploads\/2017\/11\/Die-Rose-von-Huwelreich-by-Lily-Vogel-front-3a-624x1003.jpg 624w, http:\/\/www.lili-vogel.de\/wordpress\/wp-content\/uploads\/2017\/11\/Die-Rose-von-Huwelreich-by-Lily-Vogel-front-3a.jpg 1540w\" sizes=\"(max-width: 187px) 100vw, 187px\" \/><\/figure>\n\n\n\n<p>Valerie von Aureali will eigentlich nur frei sein. Doch ausgerechnet sie muss Kaiser Leopold von Huwelreich heiraten. Die beiden k\u00f6nnten nicht unterschiedlicher sein: Valerie, Freigeist und Tr\u00e4umerin, und Leopold, der pflichtbewusste Pragmatiker. Am Kaiserhof leidet Valerie unter dem steifen Zeremoniell, ihrer strengen Schwiegermutter und ihren missg\u00fcnstigen Hofdamen. In Huwelreichs Provinz Lamparta schwelt der Aufstand. Leopold will ihn unterdr\u00fccken, aber Valerie ist fest entschlossen: Wenn sie schon nicht selber frei sein kann, dann sollen die unterdr\u00fcckten V\u00f6lker frei sein!<\/p>\n\n\n\n<p>Ein Roman, inspiriert vom Charakter der Kaiserin Sisi, so, wie sie wirklich war: Eine Frau, die ihre Freiheit \u00fcber alles sch\u00e4tzte, die ihren Mann nicht liebte und sein Kaiserreich verachtete. Die Geschichte einer Familie zwischen Politik und Ehestreit, zwischen Krieg und Krisen.<\/p>\n\n\n\n<p><a href=\"https:\/\/www.amazon.de\/Die-Rose-Huwelreich-Lili-Vogel-ebook\/dp\/B075MDQ965\/ref=asap_bc?ie=UTF8\" target=\"_blank\" rel=\"noopener noreferrer\">Die Rose von Huwelreich auf Amazon ansehen<\/a><\/p>\n\n\n\n<h1>Der Kaiser, sein Feind und der Krieg<\/h1>\n\n\n\n<figure class=\"wp-block-image\"><img decoding=\"async\" loading=\"lazy\" width=\"225\" height=\"300\" src=\"http:\/\/www.lili-vogel.de\/wordpress\/wp-content\/uploads\/2018\/11\/Kaiser-Feind-Krieg-72dpi-1500x2000-2-225x300.jpg\" alt=\"\" class=\"wp-image-476\" srcset=\"http:\/\/www.lili-vogel.de\/wordpress\/wp-content\/uploads\/2018\/11\/Kaiser-Feind-Krieg-72dpi-1500x2000-2-225x300.jpg 225w, http:\/\/www.lili-vogel.de\/wordpress\/wp-content\/uploads\/2018\/11\/Kaiser-Feind-Krieg-72dpi-1500x2000-2-768x1024.jpg 768w, http:\/\/www.lili-vogel.de\/wordpress\/wp-content\/uploads\/2018\/11\/Kaiser-Feind-Krieg-72dpi-1500x2000-2-624x832.jpg 624w, http:\/\/www.lili-vogel.de\/wordpress\/wp-content\/uploads\/2018\/11\/Kaiser-Feind-Krieg-72dpi-1500x2000-2.jpg 1500w\" sizes=\"(max-width: 225px) 100vw, 225px\" \/><\/figure>\n\n\n\n<p>General Rudolf von K\u00fcckenstaal taugt nicht zum Schlachtenlenker. Seine Frau Susanna dagegen ist ein Genie im Erstellen von Operationspl\u00e4nen. Rudolf ist Mitarbeiter im Generalstab, seine Pl\u00e4ne aber stammen von seiner Frau. Dank ihres Talents gewinnt das Kaiserreich Huwelreich seine Feldz\u00fcge \u2013 doch eines Tages stirbt Rudolf. Das ist nicht nur eine Trag\u00f6die f\u00fcr seine Frau, das ist eine Trag\u00f6die f\u00fcrs ganze Kaiserreich: Ohne Susannas Pl\u00e4ne wird Huwelreich seine Kriege wieder j\u00e4mmerlich verlieren. Doch eine Frau beim Heer, das ist undenkbar \u2026 Da beschlie\u00dft Susanna, den Tod ihres Mannes zu vertuschen und sich als General Rudolf von K\u00fcckenstaal auszugeben. Es beginnt der gr\u00f6\u00dfte Skandal, den Huwelreich je erlebt hat.<\/p>\n\n\n\n<p><a href=\"https:\/\/www.amazon.de\/dp\/B07KNTPFMV\" target=\"_blank\" rel=\"noopener noreferrer\">Der Kaiser, sein Feind und der Krieg auf Amazon ansehen<\/a><\/p>\n\n\n\n<h1>Der K\u00f6nig von Blauwittern<\/h1>\n\n\n\n<figure class=\"wp-block-image\"><img decoding=\"async\" loading=\"lazy\" width=\"191\" height=\"300\" src=\"http:\/\/www.lili-vogel.de\/wordpress\/wp-content\/uploads\/2018\/03\/Der-K\u00f6nig-von-Blauwittern-by-Lili-Vogel-3-191x300.jpg\" alt=\"\" class=\"wp-image-244\" srcset=\"http:\/\/www.lili-vogel.de\/wordpress\/wp-content\/uploads\/2018\/03\/Der-K\u00f6nig-von-Blauwittern-by-Lili-Vogel-3-191x300.jpg 191w, http:\/\/www.lili-vogel.de\/wordpress\/wp-content\/uploads\/2018\/03\/Der-K\u00f6nig-von-Blauwittern-by-Lili-Vogel-3-768x1204.jpg 768w, http:\/\/www.lili-vogel.de\/wordpress\/wp-content\/uploads\/2018\/03\/Der-K\u00f6nig-von-Blauwittern-by-Lili-Vogel-3-653x1024.jpg 653w, http:\/\/www.lili-vogel.de\/wordpress\/wp-content\/uploads\/2018\/03\/Der-K\u00f6nig-von-Blauwittern-by-Lili-Vogel-3-624x978.jpg 624w, http:\/\/www.lili-vogel.de\/wordpress\/wp-content\/uploads\/2018\/03\/Der-K\u00f6nig-von-Blauwittern-by-Lili-Vogel-3.jpg 1359w\" sizes=\"(max-width: 191px) 100vw, 191px\" \/><\/figure>\n\n\n\n<p>Blauwittern, 19. Jahrhundert: Sophie von Reckenburg, Tochter eines hartherzigen Vaters, ist mit K\u00f6nig Gottfried von Blauwittern verlobt. Als der K\u00f6nig die Verlobung wieder l\u00f6st, wird sie vom ganzen Land verspottet.<br>Gottfried beschlie\u00dft, seiner ehemaligen Braut zu helfen, und macht sich auf die Suche nach einem geeigneten Br\u00e4utigam. Wird er einen passenden Mann finden? Und kann Sophie ihrem Schicksal entrinnen, oder ger\u00e4t sie an einen Mann wie ihr Vater, und die Unterdr\u00fcckung beginnt von Neuem?<\/p>\n\n\n\n<p>Lili Vogels Roman f\u00fchrt den Leser durch die tiefsten menschlichen Abgr\u00fcnde, durch pr\u00e4chtige K\u00f6nigsschl\u00f6sser und durch einen Kampf auf Leben und Tod.<\/p>\n\n\n\n<p><a href=\"https:\/\/www.amazon.de\/dp\/B07BTZXRJL\/ref=sr_1_1?ie=UTF8&amp;qid=1522505419&amp;sr=8-1&amp;keywords=der+k\u00f6nig+von+blauwittern\" target=\"_blank\" rel=\"noopener noreferrer\">Der K\u00f6nig von Blauwittern auf Amazon ansehen<\/a><\/p>\n\n\n\n<h1>Wie man einen Kaiser erpresst<\/h1>\n\n\n\n<figure class=\"wp-block-image\"><img decoding=\"async\" loading=\"lazy\" width=\"225\" height=\"300\" src=\"http:\/\/www.lili-vogel.de\/wordpress\/wp-content\/uploads\/2018\/02\/BirdAuthor-72dpi-1500x2000-225x300.jpg\" alt=\"\" class=\"wp-image-227\" srcset=\"http:\/\/www.lili-vogel.de\/wordpress\/wp-content\/uploads\/2018\/02\/BirdAuthor-72dpi-1500x2000-225x300.jpg 225w, http:\/\/www.lili-vogel.de\/wordpress\/wp-content\/uploads\/2018\/02\/BirdAuthor-72dpi-1500x2000-768x1024.jpg 768w, http:\/\/www.lili-vogel.de\/wordpress\/wp-content\/uploads\/2018\/02\/BirdAuthor-72dpi-1500x2000-624x832.jpg 624w, http:\/\/www.lili-vogel.de\/wordpress\/wp-content\/uploads\/2018\/02\/BirdAuthor-72dpi-1500x2000.jpg 1500w\" sizes=\"(max-width: 225px) 100vw, 225px\" \/><\/figure>\n\n\n\n<p>Steffi Grillenhofer wollte immer schon Dienstm\u00e4dchen am Kaiserhof werden. Als ihr Traum in Erf\u00fcllung geht, ist sie \u00fcbergl\u00fccklich, denn sie liebt den Kaiser schon, seit sie denken kann. Doch der Kaiser hat es sich in den Kopf gesetzt, eine Prinzessin zu heiraten. Um ihre Liebe zu retten, greift Steffi zu einem ungew\u00f6hnlichen Mittel &#8230;<br>Ein Kurzroman aus der Welt von Huwelreich, mit einem Dienstm\u00e4dchen, Kaiser Guntram von Friedenfels und Fernanda von Hohenmeiningen im sch\u00f6nen Gutensaat.<\/p>\n\n\n\n<p><a href=\"https:\/\/www.amazon.de\/dp\/B07B3YGL48\/ref=sr_1_1?s=digital-text&amp;ie=UTF8&amp;qid=1519756039&amp;sr=1-1&amp;keywords=wie+man+einen+kaiser+erpresst\" target=\"_blank\" rel=\"noopener noreferrer\">Wie man einen Kaiser erpresst auf Amazon ansehen<\/a><\/p>\n\n\n\n<h1><strong>Der Kaiser von Huwelreich<\/strong><\/h1>\n\n\n\n<figure class=\"wp-block-image\"><img decoding=\"async\" loading=\"lazy\" width=\"189\" height=\"300\" src=\"http:\/\/www.lili-vogel.de\/wordpress\/wp-content\/uploads\/2017\/11\/thecrown-189x300.jpg\" alt=\"\" class=\"wp-image-117\" srcset=\"http:\/\/www.lili-vogel.de\/wordpress\/wp-content\/uploads\/2017\/11\/thecrown-189x300.jpg 189w, http:\/\/www.lili-vogel.de\/wordpress\/wp-content\/uploads\/2017\/11\/thecrown-768x1222.jpg 768w, http:\/\/www.lili-vogel.de\/wordpress\/wp-content\/uploads\/2017\/11\/thecrown-643x1024.jpg 643w, http:\/\/www.lili-vogel.de\/wordpress\/wp-content\/uploads\/2017\/11\/thecrown-624x993.jpg 624w, http:\/\/www.lili-vogel.de\/wordpress\/wp-content\/uploads\/2017\/11\/thecrown.jpg 1618w\" sizes=\"(max-width: 189px) 100vw, 189px\" \/><\/figure>\n\n\n\n<p>Eroba, Anfang 20. Jahrhundert: Fernanda von Hohenmeiningen soll den Kaiser von Huwelreich heiraten. Doch Huwelreich befindet sich im Niedergang und die Welt bereitet sich schon auf seinen baldigen Zerfall vor. Fernanda erkennt als Einzige, dass auf dem Kaiser von Huwelreich ein Fluch lastet, der die Familie seiner Braut in den Untergang st\u00fcrzen wird.<br>Derweil verliebt sich Fernandas Bruder Winfried in eine huwelreichische Hofdame. Seine Herzenshofdame m\u00f6chte Kaiserin werden, doch Winfried ist nur der Zweite in der Thronfolge. Aber wenn man dem Schicksal ein wenig nachhilft &#8230;<\/p>\n\n\n\n<p>Ein Roman voller Politik und Intrigen, mit einer Prise Romantik und einem Schuss Humor!<\/p>\n\n\n\n<p><a href=\"https:\/\/www.amazon.de\/Kaiser-von-Huwelreich-Roman-ebook\/dp\/B071W8WW37\/ref=sr_1_1?ie=UTF8&amp;qid=1510602204&amp;sr=8-1&amp;keywords=Kaiser+von+huwelreich\" target=\"_blank\" rel=\"noopener noreferrer\">Der Kaiser von Huwelreich auf Amazon ansehen<\/a><\/p>\n","protected":false},"excerpt":{"rendered":"<p>Die Burgund-Saga: Der K\u00f6nig von Burgund und die Geisel Jeder kennt die Abenteuer von Siegfried dem Drachent\u00f6ter \u2013 hier ist die Vorgeschichte seiner Feinde &#8230;Die K\u00f6nigreiche Europas zittern vor Etzel, dem grausamen Hunnenk\u00f6nig. Damit Burgund von seinen Reiterhorden verschont wird, muss K\u00f6nig Gibich dem Hunnenherrscher eine Geisel stellen: Hagen von Tronje, den Sohn seines wichtigsten [&hellip;]<\/p>\n","protected":false},"author":1,"featured_media":0,"parent":0,"menu_order":0,"comment_status":"closed","ping_status":"closed","template":"","meta":[],"_links":{"self":[{"href":"http:\/\/www.lili-vogel.de\/wordpress\/wp-json\/wp\/v2\/pages\/13"}],"collection":[{"href":"http:\/\/www.lili-vogel.de\/wordpress\/wp-json\/wp\/v2\/pages"}],"about":[{"href":"http:\/\/www.lili-vogel.de\/wordpress\/wp-json\/wp\/v2\/types\/page"}],"author":[{"embeddable":true,"href":"http:\/\/www.lili-vogel.de\/wordpress\/wp-json\/wp\/v2\/users\/1"}],"replies":[{"embeddable":true,"href":"http:\/\/www.lili-vogel.de\/wordpress\/wp-json\/wp\/v2\/comments?post=13"}],"version-history":[{"count":32,"href":"http:\/\/www.lili-vogel.de\/wordpress\/wp-json\/wp\/v2\/pages\/13\/revisions"}],"predecessor-version":[{"id":1173,"href":"http:\/\/www.lili-vogel.de\/wordpress\/wp-json\/wp\/v2\/pages\/13\/revisions\/1173"}],"wp:attachment":[{"href":"http:\/\/www.lili-vogel.de\/wordpress\/wp-json\/wp\/v2\/media?parent=13"}],"curies":[{"name":"wp","href":"https:\/\/api.w.org\/{rel}","templated":true}]}}