{"id":1038,"date":"2020-10-27T16:02:38","date_gmt":"2020-10-27T15:02:38","guid":{"rendered":"http:\/\/www.lili-vogel.de\/wordpress\/?page_id=1038"},"modified":"2020-10-27T16:02:38","modified_gmt":"2020-10-27T15:02:38","slug":"waeren-die-romane-von-lili-vogel-etwas-fuer-dich","status":"publish","type":"page","link":"http:\/\/www.lili-vogel.de\/wordpress\/waeren-die-romane-von-lili-vogel-etwas-fuer-dich\/","title":{"rendered":"W\u00e4ren die Romane von Lili Vogel etwas f\u00fcr dich?"},"content":{"rendered":"\n<form\n\t\t\t\tid=\"forminator-module-1037\"\n\t\t\t\tclass=\"forminator-ui forminator-quiz forminator-quiz-1037 forminator-quiz--list forminator-design--bold  \"\n\t\t\t\tmethod=\"post\"\n\t\t\t\tdata-forminator-render=\"0\"\n\t\t\t\tdata-form-id=\"1037\"\n\t\t\t\tdata-quiz=\"knowledge\"\n\t\t\t\tdata-design=\"bold\"\n\t\t\t\tdata-spacing=\"default\"\n\t\t\t\t\n\t\t\t\tdata-alignment=\"left\"\n\t\t\t\t\n\t\t\t\t\n\t\t\t\taria-live=\"polite\"\n\t\t\t\tstyle=\"display: none;\"\n\t\t\t\t\n\t\t\t\tdata-uid=\"69e36e3701939\"\n\t\t\t>\n\t\t\t\t\t<h3 class=\"forminator-quiz--title\">W\u00e4ren die Romane von Lili Vogel etwas f\u00fcr dich?<\/h3>\n\t\t\n\t\t\n\t\t\t\t\t<div class=\"forminator-quiz--description\"><p>W\u00fcrdest du an einem meiner B\u00fccher Gefallen finden, oder sollten sich unsere Wege lieber wieder trennen? Finde es heraus!<\/p><\/div>\n\t\t\n\t\t\n\t\t<div\n\t\t\ttabindex=\"0\"\n\t\t\trole=\"checkbox\"\n\t\t\tid=\"question-6198-1943\"\n\t\t\tclass=\"forminator-question\"\n\t\t\tdata-multichoice=\"false\"\n\t\t\taria-labelledby=\"question-6198-1943-label\"\n\t\t\taria-describedby=\"question-6198-1943-description\"\n\t\t\taria-required=\"true\"\n\t\t>\n\n\t\t\t<span id=\"question-6198-1943-label\" class=\"forminator-legend\">Moltke<\/span>\n\t\t\t\n\t\t\t\t\t<label for=\"question-6198-1943-0-69e36e37022f7\" class=\"forminator-answer forminator-only--text\">\n\n\t\t\t\t\t\t<input\n\t\t\t\t\t\t\ttype=\"checkbox\"\n\t\t\t\t\t\t\tname=\"answers[question-6198-1943-0]\"\n\t\t\t\t\t\t\tvalue=\"0\"\n\t\t\t\t\t\t\tid=\"question-6198-1943-0-69e36e37022f7\"\n\t\t\t\t\t\t\tclass=\"\"\n\t\t\t\t\t\t\/>\n\n\t\t\t\t\t\t<span class=\"forminator-answer--design\" for=\"question-6198-1943-0-69e36e37022f7\">\n\t\t\t\t\t\t\n\t\t\t\t\t\t<span class=\"forminator-answer--status\" aria-hidden=\"true\"><\/span>\n\n\t\t\t\t\t\t\t\t\t\t\t\t\t<span class=\"forminator-answer--name\">Wer oder was ist das?<\/span>\n\t\t\t\t\t\t\n\t\t\t\t\t\t<\/span>\n\t\t\t\t\t<\/label>\n\n\t\t\t\t\t\n\t\t\t\t\t<label for=\"question-6198-1943-1-69e36e37022f7\" class=\"forminator-answer forminator-only--text\">\n\n\t\t\t\t\t\t<input\n\t\t\t\t\t\t\ttype=\"checkbox\"\n\t\t\t\t\t\t\tname=\"answers[question-6198-1943-1]\"\n\t\t\t\t\t\t\tvalue=\"1\"\n\t\t\t\t\t\t\tid=\"question-6198-1943-1-69e36e37022f7\"\n\t\t\t\t\t\t\tclass=\"\"\n\t\t\t\t\t\t\/>\n\n\t\t\t\t\t\t<span class=\"forminator-answer--design\" for=\"question-6198-1943-1-69e36e37022f7\">\n\t\t\t\t\t\t\n\t\t\t\t\t\t<span class=\"forminator-answer--status\" aria-hidden=\"true\"><\/span>\n\n\t\t\t\t\t\t\t\t\t\t\t\t\t<span class=\"forminator-answer--name\">Der \u00c4ltere nat\u00fcrlich!<\/span>\n\t\t\t\t\t\t\n\t\t\t\t\t\t<\/span>\n\t\t\t\t\t<\/label>\n\n\t\t\t\t\t\n\t\t\t<span id=\"question-6198-1943-description\" class=\"forminator-question--result\"><\/span>\n\n\t\t<\/div>\n\t\t\n\t\t<div\n\t\t\ttabindex=\"0\"\n\t\t\trole=\"checkbox\"\n\t\t\tid=\"question-2548-501\"\n\t\t\tclass=\"forminator-question\"\n\t\t\tdata-multichoice=\"false\"\n\t\t\taria-labelledby=\"question-2548-501-label\"\n\t\t\taria-describedby=\"question-2548-501-description\"\n\t\t\taria-required=\"true\"\n\t\t>\n\n\t\t\t<span id=\"question-2548-501-label\" class=\"forminator-legend\">Die Liebe eines Liebespaars ...<\/span>\n\t\t\t\n\t\t\t\t\t<label for=\"question-2548-501-0-69e36e370237f\" class=\"forminator-answer forminator-only--text\">\n\n\t\t\t\t\t\t<input\n\t\t\t\t\t\t\ttype=\"checkbox\"\n\t\t\t\t\t\t\tname=\"answers[question-2548-501-0]\"\n\t\t\t\t\t\t\tvalue=\"0\"\n\t\t\t\t\t\t\tid=\"question-2548-501-0-69e36e370237f\"\n\t\t\t\t\t\t\tclass=\"\"\n\t\t\t\t\t\t\/>\n\n\t\t\t\t\t\t<span class=\"forminator-answer--design\" for=\"question-2548-501-0-69e36e370237f\">\n\t\t\t\t\t\t\n\t\t\t\t\t\t<span class=\"forminator-answer--status\" aria-hidden=\"true\"><\/span>\n\n\t\t\t\t\t\t\t\t\t\t\t\t\t<span class=\"forminator-answer--name\">... ist das Allerwichtigste auf der Welt!<\/span>\n\t\t\t\t\t\t\n\t\t\t\t\t\t<\/span>\n\t\t\t\t\t<\/label>\n\n\t\t\t\t\t\n\t\t\t\t\t<label for=\"question-2548-501-1-69e36e370237f\" class=\"forminator-answer forminator-only--text\">\n\n\t\t\t\t\t\t<input\n\t\t\t\t\t\t\ttype=\"checkbox\"\n\t\t\t\t\t\t\tname=\"answers[question-2548-501-1]\"\n\t\t\t\t\t\t\tvalue=\"1\"\n\t\t\t\t\t\t\tid=\"question-2548-501-1-69e36e370237f\"\n\t\t\t\t\t\t\tclass=\"\"\n\t\t\t\t\t\t\/>\n\n\t\t\t\t\t\t<span class=\"forminator-answer--design\" for=\"question-2548-501-1-69e36e370237f\">\n\t\t\t\t\t\t\n\t\t\t\t\t\t<span class=\"forminator-answer--status\" aria-hidden=\"true\"><\/span>\n\n\t\t\t\t\t\t\t\t\t\t\t\t\t<span class=\"forminator-answer--name\">Elternliebe, Freundschaft und Vernunft sind wichtiger! Jawoll!<\/span>\n\t\t\t\t\t\t\n\t\t\t\t\t\t<\/span>\n\t\t\t\t\t<\/label>\n\n\t\t\t\t\t\n\t\t\t<span id=\"question-2548-501-description\" class=\"forminator-question--result\"><\/span>\n\n\t\t<\/div>\n\t\t\n\t\t<div\n\t\t\ttabindex=\"0\"\n\t\t\trole=\"checkbox\"\n\t\t\tid=\"question-2786-5902\"\n\t\t\tclass=\"forminator-question\"\n\t\t\tdata-multichoice=\"false\"\n\t\t\taria-labelledby=\"question-2786-5902-label\"\n\t\t\taria-describedby=\"question-2786-5902-description\"\n\t\t\taria-required=\"true\"\n\t\t>\n\n\t\t\t<span id=\"question-2786-5902-label\" class=\"forminator-legend\">Rhythmus und Wohlklang auch bei einem Prosatext<\/span>\n\t\t\t\n\t\t\t\t\t<label for=\"question-2786-5902-0-69e36e37023e7\" class=\"forminator-answer forminator-only--text\">\n\n\t\t\t\t\t\t<input\n\t\t\t\t\t\t\ttype=\"checkbox\"\n\t\t\t\t\t\t\tname=\"answers[question-2786-5902-0]\"\n\t\t\t\t\t\t\tvalue=\"0\"\n\t\t\t\t\t\t\tid=\"question-2786-5902-0-69e36e37023e7\"\n\t\t\t\t\t\t\tclass=\"\"\n\t\t\t\t\t\t\/>\n\n\t\t\t\t\t\t<span class=\"forminator-answer--design\" for=\"question-2786-5902-0-69e36e37023e7\">\n\t\t\t\t\t\t\n\t\t\t\t\t\t<span class=\"forminator-answer--status\" aria-hidden=\"true\"><\/span>\n\n\t\t\t\t\t\t\t\t\t\t\t\t\t<span class=\"forminator-answer--name\">Firlefanz!<\/span>\n\t\t\t\t\t\t\n\t\t\t\t\t\t<\/span>\n\t\t\t\t\t<\/label>\n\n\t\t\t\t\t\n\t\t\t\t\t<label for=\"question-2786-5902-1-69e36e37023e7\" class=\"forminator-answer forminator-only--text\">\n\n\t\t\t\t\t\t<input\n\t\t\t\t\t\t\ttype=\"checkbox\"\n\t\t\t\t\t\t\tname=\"answers[question-2786-5902-1]\"\n\t\t\t\t\t\t\tvalue=\"1\"\n\t\t\t\t\t\t\tid=\"question-2786-5902-1-69e36e37023e7\"\n\t\t\t\t\t\t\tclass=\"\"\n\t\t\t\t\t\t\/>\n\n\t\t\t\t\t\t<span class=\"forminator-answer--design\" for=\"question-2786-5902-1-69e36e37023e7\">\n\t\t\t\t\t\t\n\t\t\t\t\t\t<span class=\"forminator-answer--status\" aria-hidden=\"true\"><\/span>\n\n\t\t\t\t\t\t\t\t\t\t\t\t\t<span class=\"forminator-answer--name\">Ja bitte!<\/span>\n\t\t\t\t\t\t\n\t\t\t\t\t\t<\/span>\n\t\t\t\t\t<\/label>\n\n\t\t\t\t\t\n\t\t\t<span id=\"question-2786-5902-description\" class=\"forminator-question--result\"><\/span>\n\n\t\t<\/div>\n\t\t\n\t\t<div\n\t\t\ttabindex=\"0\"\n\t\t\trole=\"checkbox\"\n\t\t\tid=\"question-2954-9918\"\n\t\t\tclass=\"forminator-question\"\n\t\t\tdata-multichoice=\"false\"\n\t\t\taria-labelledby=\"question-2954-9918-label\"\n\t\t\taria-describedby=\"question-2954-9918-description\"\n\t\t\taria-required=\"true\"\n\t\t>\n\n\t\t\t<span id=\"question-2954-9918-label\" class=\"forminator-legend\">Wagner<\/span>\n\t\t\t\n\t\t\t\t\t<label for=\"question-2954-9918-0-69e36e3702446\" class=\"forminator-answer forminator-only--text\">\n\n\t\t\t\t\t\t<input\n\t\t\t\t\t\t\ttype=\"checkbox\"\n\t\t\t\t\t\t\tname=\"answers[question-2954-9918-0]\"\n\t\t\t\t\t\t\tvalue=\"0\"\n\t\t\t\t\t\t\tid=\"question-2954-9918-0-69e36e3702446\"\n\t\t\t\t\t\t\tclass=\"\"\n\t\t\t\t\t\t\/>\n\n\t\t\t\t\t\t<span class=\"forminator-answer--design\" for=\"question-2954-9918-0-69e36e3702446\">\n\t\t\t\t\t\t\n\t\t\t\t\t\t<span class=\"forminator-answer--status\" aria-hidden=\"true\"><\/span>\n\n\t\t\t\t\t\t\t\t\t\t\t\t\t<span class=\"forminator-answer--name\">ist eine problematische Pers\u00f6nlichkeit und sollte nicht mehr aufgef\u00fchrt werden. Au\u00dferdem ist Mozart besser.<\/span>\n\t\t\t\t\t\t\n\t\t\t\t\t\t<\/span>\n\t\t\t\t\t<\/label>\n\n\t\t\t\t\t\n\t\t\t\t\t<label for=\"question-2954-9918-1-69e36e3702446\" class=\"forminator-answer forminator-only--text\">\n\n\t\t\t\t\t\t<input\n\t\t\t\t\t\t\ttype=\"checkbox\"\n\t\t\t\t\t\t\tname=\"answers[question-2954-9918-1]\"\n\t\t\t\t\t\t\tvalue=\"1\"\n\t\t\t\t\t\t\tid=\"question-2954-9918-1-69e36e3702446\"\n\t\t\t\t\t\t\tclass=\"\"\n\t\t\t\t\t\t\/>\n\n\t\t\t\t\t\t<span class=\"forminator-answer--design\" for=\"question-2954-9918-1-69e36e3702446\">\n\t\t\t\t\t\t\n\t\t\t\t\t\t<span class=\"forminator-answer--status\" aria-hidden=\"true\"><\/span>\n\n\t\t\t\t\t\t\t\t\t\t\t\t\t<span class=\"forminator-answer--name\">Meister, Meister!<\/span>\n\t\t\t\t\t\t\n\t\t\t\t\t\t<\/span>\n\t\t\t\t\t<\/label>\n\n\t\t\t\t\t\n\t\t\t<span id=\"question-2954-9918-description\" class=\"forminator-question--result\"><\/span>\n\n\t\t<\/div>\n\t\t\n\t\t<div\n\t\t\ttabindex=\"0\"\n\t\t\trole=\"checkbox\"\n\t\t\tid=\"question-5324-555\"\n\t\t\tclass=\"forminator-question\"\n\t\t\tdata-multichoice=\"true\"\n\t\t\taria-labelledby=\"question-5324-555-label\"\n\t\t\taria-describedby=\"question-5324-555-description\"\n\t\t\taria-required=\"true\"\n\t\t>\n\n\t\t\t<span id=\"question-5324-555-label\" class=\"forminator-legend\">Eine Hauptfigur sollte<\/span>\n\t\t\t\n\t\t\t\t\t<label for=\"question-5324-555-0-69e36e37024a1\" class=\"forminator-answer forminator-only--text\">\n\n\t\t\t\t\t\t<input\n\t\t\t\t\t\t\ttype=\"checkbox\"\n\t\t\t\t\t\t\tname=\"answers[question-5324-555-0]\"\n\t\t\t\t\t\t\tvalue=\"0\"\n\t\t\t\t\t\t\tid=\"question-5324-555-0-69e36e37024a1\"\n\t\t\t\t\t\t\tclass=\"\"\n\t\t\t\t\t\t\/>\n\n\t\t\t\t\t\t<span class=\"forminator-answer--design\" for=\"question-5324-555-0-69e36e37024a1\">\n\t\t\t\t\t\t\n\t\t\t\t\t\t<span class=\"forminator-answer--status\" aria-hidden=\"true\"><\/span>\n\n\t\t\t\t\t\t\t\t\t\t\t\t\t<span class=\"forminator-answer--name\">ein Charakterkopf sein!<\/span>\n\t\t\t\t\t\t\n\t\t\t\t\t\t<\/span>\n\t\t\t\t\t<\/label>\n\n\t\t\t\t\t\n\t\t\t\t\t<label for=\"question-5324-555-1-69e36e37024a1\" class=\"forminator-answer forminator-only--text\">\n\n\t\t\t\t\t\t<input\n\t\t\t\t\t\t\ttype=\"checkbox\"\n\t\t\t\t\t\t\tname=\"answers[question-5324-555-1]\"\n\t\t\t\t\t\t\tvalue=\"1\"\n\t\t\t\t\t\t\tid=\"question-5324-555-1-69e36e37024a1\"\n\t\t\t\t\t\t\tclass=\"\"\n\t\t\t\t\t\t\/>\n\n\t\t\t\t\t\t<span class=\"forminator-answer--design\" for=\"question-5324-555-1-69e36e37024a1\">\n\t\t\t\t\t\t\n\t\t\t\t\t\t<span class=\"forminator-answer--status\" aria-hidden=\"true\"><\/span>\n\n\t\t\t\t\t\t\t\t\t\t\t\t\t<span class=\"forminator-answer--name\">sympathisch sein!<\/span>\n\t\t\t\t\t\t\n\t\t\t\t\t\t<\/span>\n\t\t\t\t\t<\/label>\n\n\t\t\t\t\t\n\t\t\t\t\t<label for=\"question-5324-555-2-69e36e37024a1\" class=\"forminator-answer forminator-only--text\">\n\n\t\t\t\t\t\t<input\n\t\t\t\t\t\t\ttype=\"checkbox\"\n\t\t\t\t\t\t\tname=\"answers[question-5324-555-2]\"\n\t\t\t\t\t\t\tvalue=\"2\"\n\t\t\t\t\t\t\tid=\"question-5324-555-2-69e36e37024a1\"\n\t\t\t\t\t\t\tclass=\"\"\n\t\t\t\t\t\t\/>\n\n\t\t\t\t\t\t<span class=\"forminator-answer--design\" for=\"question-5324-555-2-69e36e37024a1\">\n\t\t\t\t\t\t\n\t\t\t\t\t\t<span class=\"forminator-answer--status\" aria-hidden=\"true\"><\/span>\n\n\t\t\t\t\t\t\t\t\t\t\t\t\t<span class=\"forminator-answer--name\">ein neurotischer, leidgeplagter, aber immer z\u00e4her Choleriker sein, der vornehmlich Schwarz tr\u00e4gt und einem anderen die Treue h\u00e4lt.<\/span>\n\t\t\t\t\t\t\n\t\t\t\t\t\t<\/span>\n\t\t\t\t\t<\/label>\n\n\t\t\t\t\t\n\t\t\t\t\t<label for=\"question-5324-555-3-69e36e37024a1\" class=\"forminator-answer forminator-only--text\">\n\n\t\t\t\t\t\t<input\n\t\t\t\t\t\t\ttype=\"checkbox\"\n\t\t\t\t\t\t\tname=\"answers[question-5324-555-3]\"\n\t\t\t\t\t\t\tvalue=\"3\"\n\t\t\t\t\t\t\tid=\"question-5324-555-3-69e36e37024a1\"\n\t\t\t\t\t\t\tclass=\"\"\n\t\t\t\t\t\t\/>\n\n\t\t\t\t\t\t<span class=\"forminator-answer--design\" for=\"question-5324-555-3-69e36e37024a1\">\n\t\t\t\t\t\t\n\t\t\t\t\t\t<span class=\"forminator-answer--status\" aria-hidden=\"true\"><\/span>\n\n\t\t\t\t\t\t\t\t\t\t\t\t\t<span class=\"forminator-answer--name\">ein Monarch sein<\/span>\n\t\t\t\t\t\t\n\t\t\t\t\t\t<\/span>\n\t\t\t\t\t<\/label>\n\n\t\t\t\t\t\n\t\t\t\t\t<label for=\"question-5324-555-4-69e36e37024a1\" class=\"forminator-answer forminator-only--text\">\n\n\t\t\t\t\t\t<input\n\t\t\t\t\t\t\ttype=\"checkbox\"\n\t\t\t\t\t\t\tname=\"answers[question-5324-555-4]\"\n\t\t\t\t\t\t\tvalue=\"4\"\n\t\t\t\t\t\t\tid=\"question-5324-555-4-69e36e37024a1\"\n\t\t\t\t\t\t\tclass=\"\"\n\t\t\t\t\t\t\/>\n\n\t\t\t\t\t\t<span class=\"forminator-answer--design\" for=\"question-5324-555-4-69e36e37024a1\">\n\t\t\t\t\t\t\n\t\t\t\t\t\t<span class=\"forminator-answer--status\" aria-hidden=\"true\"><\/span>\n\n\t\t\t\t\t\t\t\t\t\t\t\t\t<span class=\"forminator-answer--name\">der Berater eines Monarchen sein<\/span>\n\t\t\t\t\t\t\n\t\t\t\t\t\t<\/span>\n\t\t\t\t\t<\/label>\n\n\t\t\t\t\t\n\t\t\t<span id=\"question-5324-555-description\" class=\"forminator-question--result\"><\/span>\n\n\t\t<\/div>\n\t\t\n\t\t<div\n\t\t\ttabindex=\"0\"\n\t\t\trole=\"checkbox\"\n\t\t\tid=\"question-3553-7818\"\n\t\t\tclass=\"forminator-question\"\n\t\t\tdata-multichoice=\"false\"\n\t\t\taria-labelledby=\"question-3553-7818-label\"\n\t\t\taria-describedby=\"question-3553-7818-description\"\n\t\t\taria-required=\"true\"\n\t\t>\n\n\t\t\t<span id=\"question-3553-7818-label\" class=\"forminator-legend\">Worms war im Mittelalter<\/span>\n\t\t\t\n\t\t\t\t\t<label for=\"question-3553-7818-0-69e36e3702518\" class=\"forminator-answer forminator-only--text\">\n\n\t\t\t\t\t\t<input\n\t\t\t\t\t\t\ttype=\"checkbox\"\n\t\t\t\t\t\t\tname=\"answers[question-3553-7818-0]\"\n\t\t\t\t\t\t\tvalue=\"0\"\n\t\t\t\t\t\t\tid=\"question-3553-7818-0-69e36e3702518\"\n\t\t\t\t\t\t\tclass=\"\"\n\t\t\t\t\t\t\/>\n\n\t\t\t\t\t\t<span class=\"forminator-answer--design\" for=\"question-3553-7818-0-69e36e3702518\">\n\t\t\t\t\t\t\n\t\t\t\t\t\t<span class=\"forminator-answer--status\" aria-hidden=\"true\"><\/span>\n\n\t\t\t\t\t\t\t\t\t\t\t\t\t<span class=\"forminator-answer--name\">Freie Stadt<\/span>\n\t\t\t\t\t\t\n\t\t\t\t\t\t<\/span>\n\t\t\t\t\t<\/label>\n\n\t\t\t\t\t\n\t\t\t\t\t<label for=\"question-3553-7818-1-69e36e3702518\" class=\"forminator-answer forminator-only--text\">\n\n\t\t\t\t\t\t<input\n\t\t\t\t\t\t\ttype=\"checkbox\"\n\t\t\t\t\t\t\tname=\"answers[question-3553-7818-1]\"\n\t\t\t\t\t\t\tvalue=\"1\"\n\t\t\t\t\t\t\tid=\"question-3553-7818-1-69e36e3702518\"\n\t\t\t\t\t\t\tclass=\"\"\n\t\t\t\t\t\t\/>\n\n\t\t\t\t\t\t<span class=\"forminator-answer--design\" for=\"question-3553-7818-1-69e36e3702518\">\n\t\t\t\t\t\t\n\t\t\t\t\t\t<span class=\"forminator-answer--status\" aria-hidden=\"true\"><\/span>\n\n\t\t\t\t\t\t\t\t\t\t\t\t\t<span class=\"forminator-answer--name\">Reichsstadt<\/span>\n\t\t\t\t\t\t\n\t\t\t\t\t\t<\/span>\n\t\t\t\t\t<\/label>\n\n\t\t\t\t\t\n\t\t\t<span id=\"question-3553-7818-description\" class=\"forminator-question--result\"><\/span>\n\n\t\t<\/div>\n\t\t\n\t\t<div\n\t\t\ttabindex=\"0\"\n\t\t\trole=\"checkbox\"\n\t\t\tid=\"question-4761-5089\"\n\t\t\tclass=\"forminator-question forminator-last\"\n\t\t\tdata-multichoice=\"true\"\n\t\t\taria-labelledby=\"question-4761-5089-label\"\n\t\t\taria-describedby=\"question-4761-5089-description\"\n\t\t\taria-required=\"true\"\n\t\t>\n\n\t\t\t<span id=\"question-4761-5089-label\" class=\"forminator-legend\">W\u00e4hle aus, was am ehesten auf dich zutrifft<\/span>\n\t\t\t\n\t\t\t\t\t<label for=\"question-4761-5089-0-69e36e370256f\" class=\"forminator-answer forminator-only--text\">\n\n\t\t\t\t\t\t<input\n\t\t\t\t\t\t\ttype=\"checkbox\"\n\t\t\t\t\t\t\tname=\"answers[question-4761-5089-0]\"\n\t\t\t\t\t\t\tvalue=\"0\"\n\t\t\t\t\t\t\tid=\"question-4761-5089-0-69e36e370256f\"\n\t\t\t\t\t\t\tclass=\"\"\n\t\t\t\t\t\t\/>\n\n\t\t\t\t\t\t<span class=\"forminator-answer--design\" for=\"question-4761-5089-0-69e36e370256f\">\n\t\t\t\t\t\t\n\t\t\t\t\t\t<span class=\"forminator-answer--status\" aria-hidden=\"true\"><\/span>\n\n\t\t\t\t\t\t\t\t\t\t\t\t\t<span class=\"forminator-answer--name\">Snob<\/span>\n\t\t\t\t\t\t\n\t\t\t\t\t\t<\/span>\n\t\t\t\t\t<\/label>\n\n\t\t\t\t\t\n\t\t\t\t\t<label for=\"question-4761-5089-1-69e36e370256f\" class=\"forminator-answer forminator-only--text\">\n\n\t\t\t\t\t\t<input\n\t\t\t\t\t\t\ttype=\"checkbox\"\n\t\t\t\t\t\t\tname=\"answers[question-4761-5089-1]\"\n\t\t\t\t\t\t\tvalue=\"1\"\n\t\t\t\t\t\t\tid=\"question-4761-5089-1-69e36e370256f\"\n\t\t\t\t\t\t\tclass=\"\"\n\t\t\t\t\t\t\/>\n\n\t\t\t\t\t\t<span class=\"forminator-answer--design\" for=\"question-4761-5089-1-69e36e370256f\">\n\t\t\t\t\t\t\n\t\t\t\t\t\t<span class=\"forminator-answer--status\" aria-hidden=\"true\"><\/span>\n\n\t\t\t\t\t\t\t\t\t\t\t\t\t<span class=\"forminator-answer--name\">Wildfang<\/span>\n\t\t\t\t\t\t\n\t\t\t\t\t\t<\/span>\n\t\t\t\t\t<\/label>\n\n\t\t\t\t\t\n\t\t\t\t\t<label for=\"question-4761-5089-2-69e36e370256f\" class=\"forminator-answer forminator-only--text\">\n\n\t\t\t\t\t\t<input\n\t\t\t\t\t\t\ttype=\"checkbox\"\n\t\t\t\t\t\t\tname=\"answers[question-4761-5089-2]\"\n\t\t\t\t\t\t\tvalue=\"2\"\n\t\t\t\t\t\t\tid=\"question-4761-5089-2-69e36e370256f\"\n\t\t\t\t\t\t\tclass=\"\"\n\t\t\t\t\t\t\/>\n\n\t\t\t\t\t\t<span class=\"forminator-answer--design\" for=\"question-4761-5089-2-69e36e370256f\">\n\t\t\t\t\t\t\n\t\t\t\t\t\t<span class=\"forminator-answer--status\" aria-hidden=\"true\"><\/span>\n\n\t\t\t\t\t\t\t\t\t\t\t\t\t<span class=\"forminator-answer--name\">Tr\u00e4umer\/in<\/span>\n\t\t\t\t\t\t\n\t\t\t\t\t\t<\/span>\n\t\t\t\t\t<\/label>\n\n\t\t\t\t\t\n\t\t\t\t\t<label for=\"question-4761-5089-3-69e36e370256f\" class=\"forminator-answer forminator-only--text\">\n\n\t\t\t\t\t\t<input\n\t\t\t\t\t\t\ttype=\"checkbox\"\n\t\t\t\t\t\t\tname=\"answers[question-4761-5089-3]\"\n\t\t\t\t\t\t\tvalue=\"3\"\n\t\t\t\t\t\t\tid=\"question-4761-5089-3-69e36e370256f\"\n\t\t\t\t\t\t\tclass=\"\"\n\t\t\t\t\t\t\/>\n\n\t\t\t\t\t\t<span class=\"forminator-answer--design\" for=\"question-4761-5089-3-69e36e370256f\">\n\t\t\t\t\t\t\n\t\t\t\t\t\t<span class=\"forminator-answer--status\" aria-hidden=\"true\"><\/span>\n\n\t\t\t\t\t\t\t\t\t\t\t\t\t<span class=\"forminator-answer--name\">Eine Leserin\/ein Leser, die\/der f\u00fcr k\u00fchne Helden und treue Schurken schw\u00e4rmt<\/span>\n\t\t\t\t\t\t\n\t\t\t\t\t\t<\/span>\n\t\t\t\t\t<\/label>\n\n\t\t\t\t\t\n\t\t\t\t\t<label for=\"question-4761-5089-4-69e36e370256f\" class=\"forminator-answer forminator-only--text\">\n\n\t\t\t\t\t\t<input\n\t\t\t\t\t\t\ttype=\"checkbox\"\n\t\t\t\t\t\t\tname=\"answers[question-4761-5089-4]\"\n\t\t\t\t\t\t\tvalue=\"4\"\n\t\t\t\t\t\t\tid=\"question-4761-5089-4-69e36e370256f\"\n\t\t\t\t\t\t\tclass=\"\"\n\t\t\t\t\t\t\/>\n\n\t\t\t\t\t\t<span class=\"forminator-answer--design\" for=\"question-4761-5089-4-69e36e370256f\">\n\t\t\t\t\t\t\n\t\t\t\t\t\t<span class=\"forminator-answer--status\" aria-hidden=\"true\"><\/span>\n\n\t\t\t\t\t\t\t\t\t\t\t\t\t<span class=\"forminator-answer--name\">Monarchenfan<\/span>\n\t\t\t\t\t\t\n\t\t\t\t\t\t<\/span>\n\t\t\t\t\t<\/label>\n\n\t\t\t\t\t\n\t\t\t<span id=\"question-4761-5089-description\" class=\"forminator-question--result\"><\/span>\n\n\t\t<\/div>\n\t\t<input type=\"hidden\" name=\"referer_url\" value=\"\" \/><div class=\"forminator-quiz--result\"><button class=\"forminator-button forminator-button-submit \" data-loading=\"Wir sind gespannt ...\" >Zur Aufl\u00f6sung!<\/button><\/div><input type=\"hidden\" id=\"forminator_nonce\" name=\"forminator_nonce\" value=\"cfd06c566b\" \/><input type=\"hidden\" name=\"_wp_http_referer\" value=\"\/wordpress\/wp-json\/wp\/v2\/pages\/1038\" \/><input type=\"hidden\" name=\"has_lead\" value=\"\"><input type=\"hidden\" name=\"form_id\" value=\"1037\"><input type=\"hidden\" name=\"page_id\" value=\"1038\"><input type=\"hidden\" name=\"current_url\" value=\"http:\/\/www.lili-vogel.de\/wordpress\/waeren-die-romane-von-lili-vogel-etwas-fuer-dich\/\"><input type=\"hidden\" name=\"action\" value=\"forminator_submit_form_quizzes\" \/><\/form>\n","protected":false},"excerpt":{"rendered":"","protected":false},"author":1,"featured_media":0,"parent":0,"menu_order":0,"comment_status":"closed","ping_status":"closed","template":"","meta":[],"_links":{"self":[{"href":"http:\/\/www.lili-vogel.de\/wordpress\/wp-json\/wp\/v2\/pages\/1038"}],"collection":[{"href":"http:\/\/www.lili-vogel.de\/wordpress\/wp-json\/wp\/v2\/pages"}],"about":[{"href":"http:\/\/www.lili-vogel.de\/wordpress\/wp-json\/wp\/v2\/types\/page"}],"author":[{"embeddable":true,"href":"http:\/\/www.lili-vogel.de\/wordpress\/wp-json\/wp\/v2\/users\/1"}],"replies":[{"embeddable":true,"href":"http:\/\/www.lili-vogel.de\/wordpress\/wp-json\/wp\/v2\/comments?post=1038"}],"version-history":[{"count":1,"href":"http:\/\/www.lili-vogel.de\/wordpress\/wp-json\/wp\/v2\/pages\/1038\/revisions"}],"predecessor-version":[{"id":1039,"href":"http:\/\/www.lili-vogel.de\/wordpress\/wp-json\/wp\/v2\/pages\/1038\/revisions\/1039"}],"wp:attachment":[{"href":"http:\/\/www.lili-vogel.de\/wordpress\/wp-json\/wp\/v2\/media?parent=1038"}],"curies":[{"name":"wp","href":"https:\/\/api.w.org\/{rel}","templated":true}]}}